{"id":2302,"date":"2024-12-05T09:01:32","date_gmt":"2024-12-05T08:01:32","guid":{"rendered":"https:\/\/www.finken-automation.de\/?page_id=2302"},"modified":"2025-01-26T11:58:36","modified_gmt":"2025-01-26T10:58:36","slug":"virtuelle-inbetriebnahme","status":"publish","type":"page","link":"https:\/\/www.finken-automation.de\/en\/virtuelle-inbetriebnahme\/","title":{"rendered":"Virtual Commissioning"},"content":{"rendered":"<div class=\"wp-block-cover alignfull is-light is-position-center-center\" style=\"min-height:400px;aspect-ratio:unset;\"><span aria-hidden=\"true\" class=\"wp-block-cover__background has-black-background-color has-background-dim-10 has-background-dim\"><\/span><img loading=\"lazy\" decoding=\"async\" width=\"1920\" height=\"1080\" class=\"wp-block-cover__image-background wp-image-2381\" alt=\"\" src=\"https:\/\/www.finken-automation.de\/wp-content\/uploads\/2025\/01\/vibn.jpg\" data-object-fit=\"cover\" srcset=\"https:\/\/www.finken-automation.de\/wp-content\/uploads\/2025\/01\/vibn.jpg 1920w, https:\/\/www.finken-automation.de\/wp-content\/uploads\/2025\/01\/vibn-300x169.jpg 300w, https:\/\/www.finken-automation.de\/wp-content\/uploads\/2025\/01\/vibn-1024x576.jpg 1024w, https:\/\/www.finken-automation.de\/wp-content\/uploads\/2025\/01\/vibn-768x432.jpg 768w, https:\/\/www.finken-automation.de\/wp-content\/uploads\/2025\/01\/vibn-1536x864.jpg 1536w, https:\/\/www.finken-automation.de\/wp-content\/uploads\/2025\/01\/vibn-18x10.jpg 18w\" sizes=\"auto, (max-width: 1920px) 100vw, 1920px\" \/><div class=\"wp-block-cover__inner-container is-layout-flow wp-block-cover-is-layout-flow\">\n<p class=\"has-text-align-center has-text-color\" style=\"color:#fffffa;font-size:74px;line-height:1.1\"><strong>Genau wissen, was einen erwartet<\/strong><\/p>\n\n\n\n<p class=\"has-text-align-center has-white-color has-text-color\">Virtuelle Inbetriebnahme mit Echtzeit-Simulation am digitalen Zwilling<\/p>\n<\/div><\/div>\n\n\n\n<div style=\"height:40px\" aria-hidden=\"true\" class=\"wp-block-spacer\"><\/div>\n\n\n\n<div class=\"wp-block-group\"><div class=\"wp-block-group__inner-container is-layout-flow wp-block-group-is-layout-flow\">\n<h2 class=\"wp-block-heading has-text-align-center has-accent-color has-text-color has-medium-font-size\" id=\"erfahrungen-aus-uber-25-jahren-elektrischer-automatisierung-intelligent-vereint-mitmodernen-methoden-der-ingenieurswelt-das-ist-unser-pautomation-framework\">Virtuelle Inbetriebnahme mit Echtzeit-Simulation am digitalen Zwilling<\/h2>\n\n\n\n<div class=\"wp-block-columns is-layout-flex wp-container-core-columns-is-layout-28f84493 wp-block-columns-is-layout-flex\">\n<div class=\"wp-block-column is-layout-flow wp-block-column-is-layout-flow\">\n<p class=\"has-text-align-center\">Bei der Modernisierung bestehender Anlagen ist das oberste Gebot, die Produktion und betrieblichen Abl\u00e4ufe so wenig wie m\u00f6glich zu st\u00f6ren. Mit unserer <a href=\"https:\/\/de.wikipedia.org\/wiki\/Virtuelle_Inbetriebnahme\">virtuellen Inbetriebnahme<\/a> nehmen wir die komplette Anlage vorab im B\u00fcro in Betrieb &#8211; inklusive Materialfluss- und Lagerverwaltungssystem.<\/p>\n<\/div>\n<\/div>\n<\/div><\/div>\n\n\n\n<figure class=\"wp-block-video\"><video height=\"1080\" style=\"aspect-ratio: 1920 \/ 1080;\" width=\"1920\" controls loop muted src=\"https:\/\/www.finken-automation.de\/wp-content\/uploads\/2022\/02\/pSimulation-Lieken.mp4\"><\/video><\/figure>\n\n\n\n<div style=\"height:40px\" aria-hidden=\"true\" class=\"wp-block-spacer\"><\/div>\n\n\n\n<div class=\"wp-block-group\"><div class=\"wp-block-group__inner-container is-layout-flow wp-block-group-is-layout-flow\">\n<h2 class=\"wp-block-heading has-accent-color has-text-color has-large-font-size\" id=\"pschematics\">Virtual Commissioning<\/h2>\n\n\n\n<div class=\"wp-block-columns is-layout-flex wp-container-core-columns-is-layout-28f84493 wp-block-columns-is-layout-flex\">\n<div class=\"wp-block-column is-layout-flow wp-block-column-is-layout-flow\">\n<p style=\"font-size:18px\">Als fester Bestandteil unserer Steuerungssoftware ist die virtuelle Inbetriebnahme seit Jahren ein bew\u00e4hrtes Werkzeug, um die Funktionalit\u00e4t unserer <a href=\"https:\/\/www.finken-automation.de\/software\">Software <\/a>im Vorfeld auf Herz und Nieren zu pr\u00fcfen.<\/p>\n\n\n\n<p style=\"font-size:18px\"><\/p>\n<\/div>\n\n\n\n<div class=\"wp-block-column is-layout-flow wp-block-column-is-layout-flow\">\n<figure class=\"wp-block-gallery has-nested-images columns-default is-cropped wp-block-gallery-1 is-layout-flex wp-block-gallery-is-layout-flex\">\n<figure class=\"wp-block-image size-full\"><img loading=\"lazy\" decoding=\"async\" width=\"800\" height=\"600\" data-id=\"2387\" src=\"https:\/\/www.finken-automation.de\/wp-content\/uploads\/2025\/01\/vibn-anlagenuerbersicht.jpg\" alt=\"\" class=\"wp-image-2387\" srcset=\"https:\/\/www.finken-automation.de\/wp-content\/uploads\/2025\/01\/vibn-anlagenuerbersicht.jpg 800w, https:\/\/www.finken-automation.de\/wp-content\/uploads\/2025\/01\/vibn-anlagenuerbersicht-300x225.jpg 300w, https:\/\/www.finken-automation.de\/wp-content\/uploads\/2025\/01\/vibn-anlagenuerbersicht-768x576.jpg 768w, https:\/\/www.finken-automation.de\/wp-content\/uploads\/2025\/01\/vibn-anlagenuerbersicht-16x12.jpg 16w\" sizes=\"auto, (max-width: 800px) 100vw, 800px\" \/><\/figure>\n<\/figure>\n\n\n\n<p style=\"font-size:18px\"><\/p>\n<\/div>\n<\/div>\n<\/div><\/div>\n\n\n\n<div style=\"height:40px\" aria-hidden=\"true\" class=\"wp-block-spacer\"><\/div>\n\n\n\n<div class=\"wp-block-group\"><div class=\"wp-block-group__inner-container is-layout-flow wp-block-group-is-layout-flow\">\n<h2 class=\"wp-block-heading has-accent-color has-text-color has-large-font-size\" id=\"psafety\">real-time simulation<\/h2>\n\n\n\n<div class=\"wp-block-columns is-layout-flex wp-container-core-columns-is-layout-28f84493 wp-block-columns-is-layout-flex\">\n<div class=\"wp-block-column is-layout-flow wp-block-column-is-layout-flow\">\n<figure class=\"wp-block-gallery has-nested-images columns-default is-cropped wp-block-gallery-2 is-layout-flex wp-block-gallery-is-layout-flex\">\n<figure class=\"wp-block-image size-full\"><img loading=\"lazy\" decoding=\"async\" width=\"800\" height=\"600\" data-id=\"2379\" src=\"https:\/\/www.finken-automation.de\/wp-content\/uploads\/2025\/01\/vibn-details.jpg\" alt=\"\" class=\"wp-image-2379\" srcset=\"https:\/\/www.finken-automation.de\/wp-content\/uploads\/2025\/01\/vibn-details.jpg 800w, https:\/\/www.finken-automation.de\/wp-content\/uploads\/2025\/01\/vibn-details-300x225.jpg 300w, https:\/\/www.finken-automation.de\/wp-content\/uploads\/2025\/01\/vibn-details-768x576.jpg 768w, https:\/\/www.finken-automation.de\/wp-content\/uploads\/2025\/01\/vibn-details-16x12.jpg 16w\" sizes=\"auto, (max-width: 800px) 100vw, 800px\" \/><\/figure>\n<\/figure>\n\n\n\n<p style=\"font-size:18px\"><\/p>\n<\/div>\n\n\n\n<div class=\"wp-block-column is-layout-flow wp-block-column-is-layout-flow\">\n<p style=\"font-size:18px\">Unsere virtuelle Inbetriebnahme stellt die Abl\u00e4ufe der F\u00f6rdertechnik in Echtzeit dar. So k\u00f6nnen nicht nur die \u00dcberwachungen getestet, sondern auch die Leistungsf\u00e4higkeit der Anlage bereits im Vorfeld ermittelt werden.<\/p>\n\n\n\n<p style=\"font-size:18px\"><\/p>\n<\/div>\n<\/div>\n<\/div><\/div>\n\n\n\n<div style=\"height:40px\" aria-hidden=\"true\" class=\"wp-block-spacer\"><\/div>\n\n\n\n<div class=\"wp-block-group\"><div class=\"wp-block-group__inner-container is-layout-flow wp-block-group-is-layout-flow\">\n<h2 class=\"wp-block-heading has-accent-color has-text-color has-large-font-size\" id=\"pcontrol\">Digitaler Zwilling<\/h2>\n\n\n\n<div class=\"wp-block-columns is-layout-flex wp-container-core-columns-is-layout-28f84493 wp-block-columns-is-layout-flex\">\n<div class=\"wp-block-column is-layout-flow wp-block-column-is-layout-flow\">\n<p style=\"font-size:18px\">F\u00fcr die Anlagenvisualisierung und -bedienung wird in jedem Fall ein Abbild der Anlage erstellt. Dieses erweitern wir um zus\u00e4tzliche Funktionen, um ohne gro\u00dfen Aufwand einen digitalen Zwilling Ihrer Anlage zu erzeugen. Dieser kann dann 1:1 bei<br>Ihnen eingesetzt werden.<\/p>\n\n\n\n<p style=\"font-size:18px\"><\/p>\n<\/div>\n\n\n\n<div class=\"wp-block-column is-layout-flow wp-block-column-is-layout-flow\">\n<figure class=\"wp-block-gallery has-nested-images columns-default is-cropped wp-block-gallery-3 is-layout-flex wp-block-gallery-is-layout-flex\">\n<figure class=\"wp-block-image size-full\"><img loading=\"lazy\" decoding=\"async\" width=\"800\" height=\"600\" data-id=\"2378\" src=\"https:\/\/www.finken-automation.de\/wp-content\/uploads\/2025\/01\/vibn-details2.jpg\" alt=\"\" class=\"wp-image-2378\" srcset=\"https:\/\/www.finken-automation.de\/wp-content\/uploads\/2025\/01\/vibn-details2.jpg 800w, https:\/\/www.finken-automation.de\/wp-content\/uploads\/2025\/01\/vibn-details2-300x225.jpg 300w, https:\/\/www.finken-automation.de\/wp-content\/uploads\/2025\/01\/vibn-details2-768x576.jpg 768w, https:\/\/www.finken-automation.de\/wp-content\/uploads\/2025\/01\/vibn-details2-16x12.jpg 16w\" sizes=\"auto, (max-width: 800px) 100vw, 800px\" \/><\/figure>\n<\/figure>\n\n\n\n<p style=\"font-size:18px\"><\/p>\n<\/div>\n<\/div>\n<\/div><\/div>\n\n\n\n<div style=\"height:40px\" aria-hidden=\"true\" class=\"wp-block-spacer\"><\/div>\n\n\n\n<div class=\"wp-block-group\"><div class=\"wp-block-group__inner-container is-layout-flow wp-block-group-is-layout-flow\">\n<h2 class=\"wp-block-heading has-accent-color has-text-color has-large-font-size\" id=\"pinterface\">Materialfluss- und Lagerstrategien<\/h2>\n\n\n\n<div class=\"wp-block-columns is-layout-flex wp-container-core-columns-is-layout-28f84493 wp-block-columns-is-layout-flex\">\n<div class=\"wp-block-column is-layout-flow wp-block-column-is-layout-flow\">\n<figure class=\"wp-block-gallery has-nested-images columns-default is-cropped wp-block-gallery-4 is-layout-flex wp-block-gallery-is-layout-flex\">\n<figure class=\"wp-block-image size-full\"><img loading=\"lazy\" decoding=\"async\" width=\"800\" height=\"600\" data-id=\"2356\" src=\"https:\/\/www.finken-automation.de\/wp-content\/uploads\/2025\/01\/ellipson_simulation.jpg\" alt=\"\" class=\"wp-image-2356\" srcset=\"https:\/\/www.finken-automation.de\/wp-content\/uploads\/2025\/01\/ellipson_simulation.jpg 800w, https:\/\/www.finken-automation.de\/wp-content\/uploads\/2025\/01\/ellipson_simulation-300x225.jpg 300w, https:\/\/www.finken-automation.de\/wp-content\/uploads\/2025\/01\/ellipson_simulation-768x576.jpg 768w, https:\/\/www.finken-automation.de\/wp-content\/uploads\/2025\/01\/ellipson_simulation-16x12.jpg 16w\" sizes=\"auto, (max-width: 800px) 100vw, 800px\" \/><\/figure>\n<\/figure>\n\n\n\n<p style=\"font-size:18px\"><\/p>\n<\/div>\n\n\n\n<div class=\"wp-block-column is-layout-flow wp-block-column-is-layout-flow\">\n<p style=\"font-size:18px\">Wir testen den gesamten Materialfluss und die geplanten Lagerstrategien bereits vorab. So erhalten Sie als Kunde einen umfassenden \u00dcberblick \u00fcber das, was Sie sp\u00e4ter erwartet.<\/p>\n\n\n\n<p style=\"font-size:18px\"><\/p>\n<\/div>\n<\/div>\n<\/div><\/div>\n\n\n\n<div style=\"height:40px\" aria-hidden=\"true\" class=\"wp-block-spacer\"><\/div>\n\n\n\n<div class=\"wp-block-media-text is-stacked-on-mobile\"><figure class=\"wp-block-media-text__media\"><img loading=\"lazy\" decoding=\"async\" width=\"1024\" height=\"576\" src=\"https:\/\/www.finken-automation.de\/wp-content\/uploads\/2025\/01\/Finken-1024x576.jpg\" alt=\"Die beiden Gesch\u00e4ftsf\u00fchrer von Finken Automation: Stefan Finken und Patrick Finken\" class=\"wp-image-2506 size-full\" srcset=\"https:\/\/www.finken-automation.de\/wp-content\/uploads\/2025\/01\/Finken-1024x576.jpg 1024w, https:\/\/www.finken-automation.de\/wp-content\/uploads\/2025\/01\/Finken-300x169.jpg 300w, https:\/\/www.finken-automation.de\/wp-content\/uploads\/2025\/01\/Finken-768x432.jpg 768w, https:\/\/www.finken-automation.de\/wp-content\/uploads\/2025\/01\/Finken-1536x864.jpg 1536w, https:\/\/www.finken-automation.de\/wp-content\/uploads\/2025\/01\/Finken-18x10.jpg 18w, https:\/\/www.finken-automation.de\/wp-content\/uploads\/2025\/01\/Finken.jpg 1920w\" sizes=\"auto, (max-width: 1024px) 100vw, 1024px\" \/><\/figure><div class=\"wp-block-media-text__content\">\n<p class=\"has-accent-color has-text-color has-link-color wp-elements-63ffa4cf796ee00ffcfc7a78d0ff8b5f\"><strong>Lassen Sie uns ins Gespr\u00e4ch kommen!<\/strong><\/p>\n\n\n\n<p>Vereinbaren Sie einen unverbindlichen Gespr\u00e4chstermin, um \u00fcber Ihre Herausforderungen und unsere L\u00f6sungen zu sprechen.<\/p>\n\n\n\n<div class=\"wp-block-buttons is-layout-flex wp-block-buttons-is-layout-flex\">\n<div class=\"wp-block-button\"><a class=\"wp-block-button__link has-white-color has-accent-background-color has-text-color has-background has-link-color wp-element-button\" href=\"https:\/\/www.finken-automation.de\/gespraechstermin-vereinbaren\/\">GESPR\u00c4CHSTERMIN VEREINBAREN<\/a><\/div>\n<\/div>\n<\/div><\/div>\n\n\n\n<div style=\"height:80px\" aria-hidden=\"true\" class=\"wp-block-spacer\"><\/div>","protected":false},"excerpt":{"rendered":"<p>Virtuelle Inbetriebnahme mit Echtzeit-Simulation am digitalen Zwilling Bei der Modernisierung bestehender Anlagen ist das oberste Gebot, die Produktion und betrieblichen Abl\u00e4ufe so wenig wie m\u00f6glich zu st\u00f6ren. Mit unserer virtuellen Inbetriebnahme nehmen wir die komplette Anlage vorab im B\u00fcro in Betrieb &#8211; inklusive Materialfluss- und Lagerverwaltungssystem. Virtuelle Inbetriebnahme Als fester [&hellip;]<\/p>\n","protected":false},"author":1,"featured_media":0,"parent":0,"menu_order":0,"comment_status":"closed","ping_status":"closed","template":"page-templates\/template-fullwidth.php","meta":{"footnotes":""},"class_list":["post-2302","page","type-page","status-publish","hentry"],"yoast_head":"<!-- This site is optimized with the Yoast SEO plugin v27.4 - https:\/\/yoast.com\/product\/yoast-seo-wordpress\/ -->\n<title>Virtuelle Inbetriebnahme - Finken Automation<\/title>\n<meta name=\"description\" content=\"Genau wissen, was einen erwartet! Mit unserer virtuellen Inbetriebnahme erfahren Sie bereits im Vorfeld, wie leistungsf\u00e4hig Sie sein werden.\" \/>\n<meta name=\"robots\" content=\"index, follow, max-snippet:-1, max-image-preview:large, max-video-preview:-1\" \/>\n<link rel=\"canonical\" href=\"https:\/\/www.finken-automation.de\/en\/virtuelle-inbetriebnahme\/\" \/>\n<meta property=\"og:locale\" content=\"en_GB\" \/>\n<meta property=\"og:type\" content=\"article\" \/>\n<meta property=\"og:title\" content=\"Virtuelle Inbetriebnahme - Finken Automation\" \/>\n<meta property=\"og:description\" content=\"Genau wissen, was einen erwartet! Mit unserer virtuellen Inbetriebnahme erfahren Sie bereits im Vorfeld, wie leistungsf\u00e4hig Sie sein werden.\" \/>\n<meta property=\"og:url\" content=\"https:\/\/www.finken-automation.de\/en\/virtuelle-inbetriebnahme\/\" \/>\n<meta property=\"og:site_name\" content=\"Finken Automation\" \/>\n<meta property=\"article:modified_time\" content=\"2025-01-26T10:58:36+00:00\" \/>\n<meta property=\"og:image\" content=\"https:\/\/www.finken-automation.de\/wp-content\/uploads\/2025\/01\/vibn.jpg\" \/>\n\t<meta property=\"og:image:width\" content=\"1920\" \/>\n\t<meta property=\"og:image:height\" content=\"1080\" \/>\n\t<meta property=\"og:image:type\" content=\"image\/jpeg\" \/>\n<meta name=\"twitter:card\" content=\"summary_large_image\" \/>\n<meta name=\"twitter:label1\" content=\"Estimated reading time\" \/>\n\t<meta name=\"twitter:data1\" content=\"3 minutes\" \/>\n<script type=\"application\/ld+json\" class=\"yoast-schema-graph\">{\"@context\":\"https:\\\/\\\/schema.org\",\"@graph\":[{\"@type\":\"WebPage\",\"@id\":\"https:\\\/\\\/www.finken-automation.de\\\/virtuelle-inbetriebnahme\\\/\",\"url\":\"https:\\\/\\\/www.finken-automation.de\\\/virtuelle-inbetriebnahme\\\/\",\"name\":\"Virtuelle Inbetriebnahme - Finken Automation\",\"isPartOf\":{\"@id\":\"https:\\\/\\\/www.finken-automation.de\\\/#website\"},\"primaryImageOfPage\":{\"@id\":\"https:\\\/\\\/www.finken-automation.de\\\/virtuelle-inbetriebnahme\\\/#primaryimage\"},\"image\":{\"@id\":\"https:\\\/\\\/www.finken-automation.de\\\/virtuelle-inbetriebnahme\\\/#primaryimage\"},\"thumbnailUrl\":\"https:\\\/\\\/www.finken-automation.de\\\/wp-content\\\/uploads\\\/2025\\\/01\\\/vibn.jpg\",\"datePublished\":\"2024-12-05T08:01:32+00:00\",\"dateModified\":\"2025-01-26T10:58:36+00:00\",\"description\":\"Genau wissen, was einen erwartet! Mit unserer virtuellen Inbetriebnahme erfahren Sie bereits im Vorfeld, wie leistungsf\u00e4hig Sie sein werden.\",\"breadcrumb\":{\"@id\":\"https:\\\/\\\/www.finken-automation.de\\\/virtuelle-inbetriebnahme\\\/#breadcrumb\"},\"inLanguage\":\"en-GB\",\"potentialAction\":[{\"@type\":\"ReadAction\",\"target\":[\"https:\\\/\\\/www.finken-automation.de\\\/virtuelle-inbetriebnahme\\\/\"]}]},{\"@type\":\"ImageObject\",\"inLanguage\":\"en-GB\",\"@id\":\"https:\\\/\\\/www.finken-automation.de\\\/virtuelle-inbetriebnahme\\\/#primaryimage\",\"url\":\"https:\\\/\\\/www.finken-automation.de\\\/wp-content\\\/uploads\\\/2025\\\/01\\\/vibn.jpg\",\"contentUrl\":\"https:\\\/\\\/www.finken-automation.de\\\/wp-content\\\/uploads\\\/2025\\\/01\\\/vibn.jpg\"},{\"@type\":\"BreadcrumbList\",\"@id\":\"https:\\\/\\\/www.finken-automation.de\\\/virtuelle-inbetriebnahme\\\/#breadcrumb\",\"itemListElement\":[{\"@type\":\"ListItem\",\"position\":1,\"name\":\"Startseite\",\"item\":\"https:\\\/\\\/www.finken-automation.de\\\/\"},{\"@type\":\"ListItem\",\"position\":2,\"name\":\"Virtuelle Inbetriebnahme\"}]},{\"@type\":\"WebSite\",\"@id\":\"https:\\\/\\\/www.finken-automation.de\\\/#website\",\"url\":\"https:\\\/\\\/www.finken-automation.de\\\/\",\"name\":\"Finken Automation\",\"description\":\"Elektrotechnik, Software und Maschinensicherheit\",\"publisher\":{\"@id\":\"https:\\\/\\\/www.finken-automation.de\\\/#organization\"},\"potentialAction\":[{\"@type\":\"SearchAction\",\"target\":{\"@type\":\"EntryPoint\",\"urlTemplate\":\"https:\\\/\\\/www.finken-automation.de\\\/?s={search_term_string}\"},\"query-input\":{\"@type\":\"PropertyValueSpecification\",\"valueRequired\":true,\"valueName\":\"search_term_string\"}}],\"inLanguage\":\"en-GB\"},{\"@type\":\"Organization\",\"@id\":\"https:\\\/\\\/www.finken-automation.de\\\/#organization\",\"name\":\"Finken Automation\",\"url\":\"https:\\\/\\\/www.finken-automation.de\\\/\",\"logo\":{\"@type\":\"ImageObject\",\"inLanguage\":\"en-GB\",\"@id\":\"https:\\\/\\\/www.finken-automation.de\\\/#\\\/schema\\\/logo\\\/image\\\/\",\"url\":\"https:\\\/\\\/www.finken-automation.de\\\/wp-content\\\/uploads\\\/2018\\\/09\\\/logo_fag_2016_300px.png\",\"contentUrl\":\"https:\\\/\\\/www.finken-automation.de\\\/wp-content\\\/uploads\\\/2018\\\/09\\\/logo_fag_2016_300px.png\",\"width\":300,\"height\":66,\"caption\":\"Finken Automation\"},\"image\":{\"@id\":\"https:\\\/\\\/www.finken-automation.de\\\/#\\\/schema\\\/logo\\\/image\\\/\"}}]}<\/script>\n<!-- \/ Yoast SEO plugin. -->","yoast_head_json":{"title":"Virtuelle Inbetriebnahme - Finken Automation","description":"Genau wissen, was einen erwartet! Mit unserer virtuellen Inbetriebnahme erfahren Sie bereits im Vorfeld, wie leistungsf\u00e4hig Sie sein werden.","robots":{"index":"index","follow":"follow","max-snippet":"max-snippet:-1","max-image-preview":"max-image-preview:large","max-video-preview":"max-video-preview:-1"},"canonical":"https:\/\/www.finken-automation.de\/en\/virtuelle-inbetriebnahme\/","og_locale":"en_GB","og_type":"article","og_title":"Virtuelle Inbetriebnahme - Finken Automation","og_description":"Genau wissen, was einen erwartet! Mit unserer virtuellen Inbetriebnahme erfahren Sie bereits im Vorfeld, wie leistungsf\u00e4hig Sie sein werden.","og_url":"https:\/\/www.finken-automation.de\/en\/virtuelle-inbetriebnahme\/","og_site_name":"Finken Automation","article_modified_time":"2025-01-26T10:58:36+00:00","og_image":[{"width":1920,"height":1080,"url":"https:\/\/www.finken-automation.de\/wp-content\/uploads\/2025\/01\/vibn.jpg","type":"image\/jpeg"}],"twitter_card":"summary_large_image","twitter_misc":{"Estimated reading time":"3 minutes"},"schema":{"@context":"https:\/\/schema.org","@graph":[{"@type":"WebPage","@id":"https:\/\/www.finken-automation.de\/virtuelle-inbetriebnahme\/","url":"https:\/\/www.finken-automation.de\/virtuelle-inbetriebnahme\/","name":"Virtuelle Inbetriebnahme - Finken Automation","isPartOf":{"@id":"https:\/\/www.finken-automation.de\/#website"},"primaryImageOfPage":{"@id":"https:\/\/www.finken-automation.de\/virtuelle-inbetriebnahme\/#primaryimage"},"image":{"@id":"https:\/\/www.finken-automation.de\/virtuelle-inbetriebnahme\/#primaryimage"},"thumbnailUrl":"https:\/\/www.finken-automation.de\/wp-content\/uploads\/2025\/01\/vibn.jpg","datePublished":"2024-12-05T08:01:32+00:00","dateModified":"2025-01-26T10:58:36+00:00","description":"Genau wissen, was einen erwartet! Mit unserer virtuellen Inbetriebnahme erfahren Sie bereits im Vorfeld, wie leistungsf\u00e4hig Sie sein werden.","breadcrumb":{"@id":"https:\/\/www.finken-automation.de\/virtuelle-inbetriebnahme\/#breadcrumb"},"inLanguage":"en-GB","potentialAction":[{"@type":"ReadAction","target":["https:\/\/www.finken-automation.de\/virtuelle-inbetriebnahme\/"]}]},{"@type":"ImageObject","inLanguage":"en-GB","@id":"https:\/\/www.finken-automation.de\/virtuelle-inbetriebnahme\/#primaryimage","url":"https:\/\/www.finken-automation.de\/wp-content\/uploads\/2025\/01\/vibn.jpg","contentUrl":"https:\/\/www.finken-automation.de\/wp-content\/uploads\/2025\/01\/vibn.jpg"},{"@type":"BreadcrumbList","@id":"https:\/\/www.finken-automation.de\/virtuelle-inbetriebnahme\/#breadcrumb","itemListElement":[{"@type":"ListItem","position":1,"name":"Startseite","item":"https:\/\/www.finken-automation.de\/"},{"@type":"ListItem","position":2,"name":"Virtuelle Inbetriebnahme"}]},{"@type":"WebSite","@id":"https:\/\/www.finken-automation.de\/#website","url":"https:\/\/www.finken-automation.de\/","name":"Finken Automation","description":"Elektrotechnik, Software und Maschinensicherheit","publisher":{"@id":"https:\/\/www.finken-automation.de\/#organization"},"potentialAction":[{"@type":"SearchAction","target":{"@type":"EntryPoint","urlTemplate":"https:\/\/www.finken-automation.de\/?s={search_term_string}"},"query-input":{"@type":"PropertyValueSpecification","valueRequired":true,"valueName":"search_term_string"}}],"inLanguage":"en-GB"},{"@type":"Organization","@id":"https:\/\/www.finken-automation.de\/#organization","name":"Finken Automation","url":"https:\/\/www.finken-automation.de\/","logo":{"@type":"ImageObject","inLanguage":"en-GB","@id":"https:\/\/www.finken-automation.de\/#\/schema\/logo\/image\/","url":"https:\/\/www.finken-automation.de\/wp-content\/uploads\/2018\/09\/logo_fag_2016_300px.png","contentUrl":"https:\/\/www.finken-automation.de\/wp-content\/uploads\/2018\/09\/logo_fag_2016_300px.png","width":300,"height":66,"caption":"Finken Automation"},"image":{"@id":"https:\/\/www.finken-automation.de\/#\/schema\/logo\/image\/"}}]}},"_links":{"self":[{"href":"https:\/\/www.finken-automation.de\/en\/wp-json\/wp\/v2\/pages\/2302","targetHints":{"allow":["GET"]}}],"collection":[{"href":"https:\/\/www.finken-automation.de\/en\/wp-json\/wp\/v2\/pages"}],"about":[{"href":"https:\/\/www.finken-automation.de\/en\/wp-json\/wp\/v2\/types\/page"}],"author":[{"embeddable":true,"href":"https:\/\/www.finken-automation.de\/en\/wp-json\/wp\/v2\/users\/1"}],"replies":[{"embeddable":true,"href":"https:\/\/www.finken-automation.de\/en\/wp-json\/wp\/v2\/comments?post=2302"}],"version-history":[{"count":10,"href":"https:\/\/www.finken-automation.de\/en\/wp-json\/wp\/v2\/pages\/2302\/revisions"}],"predecessor-version":[{"id":2523,"href":"https:\/\/www.finken-automation.de\/en\/wp-json\/wp\/v2\/pages\/2302\/revisions\/2523"}],"wp:attachment":[{"href":"https:\/\/www.finken-automation.de\/en\/wp-json\/wp\/v2\/media?parent=2302"}],"curies":[{"name":"wp","href":"https:\/\/api.w.org\/{rel}","templated":true}]}}