{"id":2311,"date":"2024-12-02T08:58:01","date_gmt":"2024-12-02T07:58:01","guid":{"rendered":"https:\/\/www.finken-automation.de\/?page_id=2311"},"modified":"2026-01-31T14:34:42","modified_gmt":"2026-01-31T13:34:42","slug":"gespraechstermin-vereinbaren","status":"publish","type":"page","link":"https:\/\/www.finken-automation.de\/en\/gespraechstermin-vereinbaren\/","title":{"rendered":"Gespr\u00e4chstermin vereinbaren"},"content":{"rendered":"<div class=\"wp-block-cover alignfull is-position-center-center\" style=\"min-height:400px;aspect-ratio:unset;\"><img loading=\"lazy\" decoding=\"async\" width=\"1024\" height=\"576\" class=\"wp-block-cover__image-background wp-image-2581 size-large\" alt=\"\" src=\"https:\/\/www.finken-automation.de\/wp-content\/uploads\/2026\/01\/pInterface-Background-dark-Desktop-1024x576.png\" data-object-fit=\"cover\" srcset=\"https:\/\/www.finken-automation.de\/wp-content\/uploads\/2026\/01\/pInterface-Background-dark-Desktop-1024x576.png 1024w, https:\/\/www.finken-automation.de\/wp-content\/uploads\/2026\/01\/pInterface-Background-dark-Desktop-300x169.png 300w, https:\/\/www.finken-automation.de\/wp-content\/uploads\/2026\/01\/pInterface-Background-dark-Desktop-768x432.png 768w, https:\/\/www.finken-automation.de\/wp-content\/uploads\/2026\/01\/pInterface-Background-dark-Desktop-1536x864.png 1536w, https:\/\/www.finken-automation.de\/wp-content\/uploads\/2026\/01\/pInterface-Background-dark-Desktop-18x10.png 18w, https:\/\/www.finken-automation.de\/wp-content\/uploads\/2026\/01\/pInterface-Background-dark-Desktop.png 1920w\" sizes=\"auto, (max-width: 1024px) 100vw, 1024px\" \/><span aria-hidden=\"true\" class=\"wp-block-cover__background has-background-dim-30 has-background-dim\" style=\"background-color:#122441\"><\/span><div class=\"wp-block-cover__inner-container is-layout-flow wp-block-cover-is-layout-flow\">\n<p class=\"has-text-align-center has-text-color\" style=\"color:#fffffa;font-size:74px;line-height:1.1\"><strong>Gerne kommen wir mit Ihnen ins Gespr\u00e4ch<\/strong><\/p>\n<\/div><\/div>\n\n\n\n<div style=\"height:40px\" aria-hidden=\"true\" class=\"wp-block-spacer\"><\/div>\n\n\n\n<p>Sagen Sie uns kurz, worum es geht und wir melden uns bei Ihnen, so wie es f\u00fcr Sie am besten passt.<\/p>\n\n\n\n<div class=\"wp-block-columns is-layout-flex wp-container-core-columns-is-layout-28f84493 wp-block-columns-is-layout-flex\">\n<div class=\"wp-block-column is-layout-flow wp-block-column-is-layout-flow\">\n<p class=\"has-accent-color has-text-color has-link-color wp-elements-3c7f77e9d18b42d2640179e6d6e6de65\"><strong>R\u00fcckrufwunsch<\/strong><\/p>\n\n\n\n<div class=\"wp-block-contact-form-7-contact-form-selector\">\n<div class=\"wpcf7 no-js\" id=\"wpcf7-f2313-o1\" lang=\"de-DE\" dir=\"ltr\" data-wpcf7-id=\"2313\">\n<div class=\"screen-reader-response\"><p role=\"status\" aria-live=\"polite\" aria-atomic=\"true\"><\/p> <ul><\/ul><\/div>\n<form action=\"\/en\/wp-json\/wp\/v2\/pages\/2311#wpcf7-f2313-o1\" method=\"post\" class=\"wpcf7-form init\" aria-label=\"Kontaktformular\" novalidate=\"novalidate\" data-status=\"init\" data-trp-original-action=\"\/en\/wp-json\/wp\/v2\/pages\/2311#wpcf7-f2313-o1\">\n<fieldset class=\"hidden-fields-container\"><input type=\"hidden\" name=\"_wpcf7\" value=\"2313\" \/><input type=\"hidden\" name=\"_wpcf7_version\" value=\"6.1.5\" \/><input type=\"hidden\" name=\"_wpcf7_locale\" value=\"de_DE\" \/><input type=\"hidden\" name=\"_wpcf7_unit_tag\" value=\"wpcf7-f2313-o1\" \/><input type=\"hidden\" name=\"_wpcf7_container_post\" value=\"0\" \/><input type=\"hidden\" name=\"_wpcf7_posted_data_hash\" value=\"\" \/>\n<\/fieldset>\n<p><label> Ihr Name*<br \/>\n<span class=\"wpcf7-form-control-wrap\" data-name=\"your-name\"><input size=\"40\" maxlength=\"400\" class=\"wpcf7-form-control wpcf7-text wpcf7-validates-as-required fullwidth\" aria-required=\"true\" aria-invalid=\"false\" value=\"\" type=\"text\" name=\"your-name\" \/><\/span> <\/label>\n<\/p>\n<p><label> Firma*<br \/>\n<span class=\"wpcf7-form-control-wrap\" data-name=\"your-firma\"><input size=\"40\" maxlength=\"400\" class=\"wpcf7-form-control wpcf7-text wpcf7-validates-as-required fullwidth\" aria-required=\"true\" aria-invalid=\"false\" value=\"\" type=\"text\" name=\"your-firma\" \/><\/span> <\/label>\n<\/p>\n<p><label> Ihre E-Mail-Adresse*<br \/>\n<span class=\"wpcf7-form-control-wrap\" data-name=\"your-email\"><input size=\"40\" maxlength=\"400\" class=\"wpcf7-form-control wpcf7-email wpcf7-validates-as-required wpcf7-text wpcf7-validates-as-email fullwidth\" aria-required=\"true\" aria-invalid=\"false\" value=\"\" type=\"email\" name=\"your-email\" \/><\/span> <\/label>\n<\/p>\n<p><label> Ihre Telefonnummer*<br \/>\n<span class=\"wpcf7-form-control-wrap\" data-name=\"your-telefon\"><input size=\"40\" maxlength=\"400\" class=\"wpcf7-form-control wpcf7-tel wpcf7-validates-as-required wpcf7-text wpcf7-validates-as-tel fullwidth\" aria-required=\"true\" aria-invalid=\"false\" value=\"\" type=\"tel\" name=\"your-telefon\" \/><\/span><\/label>\n<\/p>\n<p><label>An welchem Tag m\u00f6chten Sie zur\u00fcckgerufen werden?*<br \/>\n<span class=\"wpcf7-form-control-wrap\" data-name=\"your-wochentag\"><span class=\"wpcf7-form-control wpcf7-checkbox wpcf7-validates-as-required\"><span class=\"wpcf7-list-item first\"><label><input type=\"checkbox\" name=\"your-wochentag[]\" value=\"Montag\" \/><span class=\"wpcf7-list-item-label\">Montag<\/span><\/label><\/span><span class=\"wpcf7-list-item\"><label><input type=\"checkbox\" name=\"your-wochentag[]\" value=\"Dienstag\" \/><span class=\"wpcf7-list-item-label\">Dienstag<\/span><\/label><\/span><span class=\"wpcf7-list-item\"><label><input type=\"checkbox\" name=\"your-wochentag[]\" value=\"Mittwoch\" \/><span class=\"wpcf7-list-item-label\">Mittwoch<\/span><\/label><\/span><span class=\"wpcf7-list-item\"><label><input type=\"checkbox\" name=\"your-wochentag[]\" value=\"Donnerstag\" \/><span class=\"wpcf7-list-item-label\">Donnerstag<\/span><\/label><\/span><span class=\"wpcf7-list-item last\"><label><input type=\"checkbox\" name=\"your-wochentag[]\" value=\"Freitag\" \/><span class=\"wpcf7-list-item-label\">Freitag<\/span><\/label><\/span><\/span><\/span><\/label>\n<\/p>\n<p><label>Wann m\u00f6chten Sie zur\u00fcckgerufen werden?*<br \/>\n<span class=\"wpcf7-form-control-wrap\" data-name=\"your-uhrzeit\"><span class=\"wpcf7-form-control wpcf7-checkbox wpcf7-validates-as-required\"><span class=\"wpcf7-list-item first\"><label><input type=\"checkbox\" name=\"your-uhrzeit[]\" value=\"8:00 - 10:00 Uhr\" \/><span class=\"wpcf7-list-item-label\">8:00 - 10:00 Uhr<\/span><\/label><\/span><span class=\"wpcf7-list-item\"><label><input type=\"checkbox\" name=\"your-uhrzeit[]\" value=\"10:00 - 12:00 Uhr\" \/><span class=\"wpcf7-list-item-label\">10:00 - 12:00 Uhr<\/span><\/label><\/span><span class=\"wpcf7-list-item\"><label><input type=\"checkbox\" name=\"your-uhrzeit[]\" value=\"12:00 - 14:00 Uhr\" \/><span class=\"wpcf7-list-item-label\">12:00 - 14:00 Uhr<\/span><\/label><\/span><span class=\"wpcf7-list-item\"><label><input type=\"checkbox\" name=\"your-uhrzeit[]\" value=\"14:00 - 16:00 Uhr\" \/><span class=\"wpcf7-list-item-label\">14:00 - 16:00 Uhr<\/span><\/label><\/span><span class=\"wpcf7-list-item last\"><label><input type=\"checkbox\" name=\"your-uhrzeit[]\" value=\"16:00 - 18:00 Uhr\" \/><span class=\"wpcf7-list-item-label\">16:00 - 18:00 Uhr<\/span><\/label><\/span><\/span><\/span><\/label>\n<\/p>\n<p><label>An welchen Leistungen sind Sie interessiert?*<br \/>\n<span class=\"wpcf7-form-control-wrap\" data-name=\"your-leistung\"><span class=\"wpcf7-form-control wpcf7-checkbox wpcf7-validates-as-required\"><span class=\"wpcf7-list-item first\"><label><input type=\"checkbox\" name=\"your-leistung[]\" value=\"Elektrotechnik\" \/><span class=\"wpcf7-list-item-label\">Electrical Engineering<\/span><\/label><\/span><span class=\"wpcf7-list-item\"><label><input type=\"checkbox\" name=\"your-leistung[]\" value=\"Software\" \/><span class=\"wpcf7-list-item-label\">Software<\/span><\/label><\/span><span class=\"wpcf7-list-item\"><label><input type=\"checkbox\" name=\"your-leistung[]\" value=\"Maschinensicherheit\" \/><span class=\"wpcf7-list-item-label\">Machine Safety<\/span><\/label><\/span><span class=\"wpcf7-list-item\"><label><input type=\"checkbox\" name=\"your-leistung[]\" value=\"Service\" \/><span class=\"wpcf7-list-item-label\">Support<\/span><\/label><\/span><span class=\"wpcf7-list-item last\"><label><input type=\"checkbox\" name=\"your-leistung[]\" value=\"Retrofit\" \/><span class=\"wpcf7-list-item-label\">Retrofit<\/span><\/label><\/span><\/span><\/span><\/label>\n<\/p>\n<p><label>Ihr Anliegen*<br \/>\n<span class=\"wpcf7-form-control-wrap\" data-name=\"your-nachricht\"><textarea cols=\"40\" rows=\"10\" maxlength=\"2000\" class=\"wpcf7-form-control wpcf7-textarea wpcf7-validates-as-required\" aria-required=\"true\" aria-invalid=\"false\" placeholder=\"Bitte teilen Sie uns kurz mit, worum es geht\" name=\"your-nachricht\"><\/textarea><\/span><\/label>\n<\/p>\n<p><span class=\"wpcf7-form-control-wrap\" data-name=\"acceptance-privacy\"><span class=\"wpcf7-form-control wpcf7-acceptance\"><span class=\"wpcf7-list-item\"><label><input type=\"checkbox\" name=\"acceptance-privacy\" value=\"1\" aria-invalid=\"false\" \/><span class=\"wpcf7-list-item-label\">I've read the <a href=\"https:\/\/www.finken-automation.de\/datenschutz\/\" target=\"_blank\">Privacy Policy<\/a> and accept them. I agree that my data is storaged for the purpose of the processing.*<\/span><\/label><\/span><\/span><\/span>\n<\/p>\n<p><small>*required fields<\/small>\n<\/p>\n<p><input class=\"wpcf7-form-control wpcf7-submit has-spinner\" type=\"submit\" value=\"Senden\" \/>\n<\/p><div class=\"wpcf7-response-output\" aria-hidden=\"true\"><\/div>\n<input type=\"hidden\" name=\"trp-form-language\" value=\"en\"\/><\/form>\n<\/div>\n<\/div>\n<\/div>\n\n\n\n<div class=\"wp-block-column is-layout-flow wp-block-column-is-layout-flow\">\n<figure class=\"wp-block-image size-large\"><img loading=\"lazy\" decoding=\"async\" width=\"1024\" height=\"576\" src=\"https:\/\/www.finken-automation.de\/wp-content\/uploads\/2025\/01\/Finken-1024x576.jpg\" alt=\"\" class=\"wp-image-2506\" srcset=\"https:\/\/www.finken-automation.de\/wp-content\/uploads\/2025\/01\/Finken-1024x576.jpg 1024w, https:\/\/www.finken-automation.de\/wp-content\/uploads\/2025\/01\/Finken-300x169.jpg 300w, https:\/\/www.finken-automation.de\/wp-content\/uploads\/2025\/01\/Finken-768x432.jpg 768w, https:\/\/www.finken-automation.de\/wp-content\/uploads\/2025\/01\/Finken-1536x864.jpg 1536w, https:\/\/www.finken-automation.de\/wp-content\/uploads\/2025\/01\/Finken-18x10.jpg 18w, https:\/\/www.finken-automation.de\/wp-content\/uploads\/2025\/01\/Finken.jpg 1920w\" sizes=\"auto, (max-width: 1024px) 100vw, 1024px\" \/><\/figure>\n\n\n\n<p class=\"has-black-color has-text-color has-link-color has-small-font-size wp-elements-b2267802329822684f9459aa8de7cd77\">Mit langj\u00e4hriger Erfahrung und starkem Know-how stehen Ihnen die beiden Gesch\u00e4ftsf\u00fchrer Stefan Finken und Patrick Finken zur Verf\u00fcgung.<\/p>\n\n\n\n<p class=\"has-accent-color has-text-color has-link-color wp-elements-8e33004b4e475245686323335cad0583\"><strong>Unsere Leistungen im \u00dcberblick:<\/strong><\/p>\n\n\n\n<ul class=\"wp-block-list\">\n<li class=\"has-black-color has-text-color has-link-color wp-elements-c2663a5bc4432e710abbbcade17c12ce\"><strong>Electrical Engineering<\/strong>\n<ul class=\"wp-block-list\">\n<li class=\"has-black-color has-text-color has-link-color wp-elements-02142a29f46a492a677497b121cc7fc6\">Elektrotechnische Planung und Konstruktion mit EPLAN P8<\/li>\n\n\n\n<li class=\"has-black-color has-text-color has-link-color wp-elements-a1225ef816b022430ce1a07f376a3b45\">The switch cabinet construction<\/li>\n\n\n\n<li class=\"has-black-color has-text-color has-link-color wp-elements-3efe5085aa3bacb0c6eeeb7168d8d32c\">elektrische Installation<\/li>\n<\/ul>\n<\/li>\n\n\n\n<li><strong>Software<\/strong>\n<ul class=\"wp-block-list\">\n<li>PLC programming<\/li>\n\n\n\n<li>HMI und Visualisierung<\/li>\n\n\n\n<li>Schnittstellen zu weiteren Systemen<\/li>\n\n\n\n<li>commissioning<\/li>\n<\/ul>\n<\/li>\n\n\n\n<li><strong>Machine Safety <\/strong>\n<ul class=\"wp-block-list\">\n<li>neue Maschinenverordnung EU 2023\/1230<\/li>\n\n\n\n<li>Risikobeurteilung, Sicherheitsfunktionen<\/li>\n\n\n\n<li>Sistema calculation<\/li>\n<\/ul>\n<\/li>\n\n\n\n<li><strong>Serviceunterst\u00fctzung<\/strong>\n<ul class=\"wp-block-list\">\n<li>24\/7-Hotline<\/li>\n\n\n\n<li>Ressourcenengp\u00e4sse<\/li>\n\n\n\n<li>Fehlersuche\/-analyse<\/li>\n<\/ul>\n<\/li>\n<\/ul>\n<\/div>\n<\/div>\n\n\n\n<p><small>For better readability in German, only one gender form is used in the text. However, all gender forms are always meant and taken into account.<\/small><\/p>","protected":false},"excerpt":{"rendered":"<p>Sagen Sie uns kurz, worum es geht und wir melden uns bei Ihnen, so wie es f\u00fcr Sie am besten passt. R\u00fcckrufwunsch Mit langj\u00e4hriger Erfahrung und starkem Know-how stehen Ihnen die beiden Gesch\u00e4ftsf\u00fchrer Stefan Finken und Patrick Finken zur Verf\u00fcgung. Unsere Leistungen im \u00dcberblick: Zur besseren Lesbarkeit wird im Text [&hellip;]<\/p>\n","protected":false},"author":1,"featured_media":0,"parent":0,"menu_order":0,"comment_status":"closed","ping_status":"closed","template":"page-templates\/template-fullwidth.php","meta":{"footnotes":""},"class_list":["post-2311","page","type-page","status-publish","hentry"],"yoast_head":"<!-- This site is optimized with the Yoast SEO plugin v27.4 - https:\/\/yoast.com\/product\/yoast-seo-wordpress\/ -->\n<title>Gespr\u00e4chstermin vereinbaren - Finken Automation<\/title>\n<meta name=\"description\" content=\"Vereinbaren Sie noch heute einen Gespr\u00e4chstermin mit uns um \u00fcber Ihre Probleme und unsere L\u00f6sungen zu sprechen.\" \/>\n<meta name=\"robots\" content=\"index, follow, max-snippet:-1, max-image-preview:large, max-video-preview:-1\" \/>\n<link rel=\"canonical\" href=\"https:\/\/www.finken-automation.de\/en\/gespraechstermin-vereinbaren\/\" \/>\n<meta property=\"og:locale\" content=\"en_GB\" \/>\n<meta property=\"og:type\" content=\"article\" \/>\n<meta property=\"og:title\" content=\"Gespr\u00e4chstermin vereinbaren - Finken Automation\" \/>\n<meta property=\"og:description\" content=\"Vereinbaren Sie noch heute einen Gespr\u00e4chstermin mit uns um \u00fcber Ihre Probleme und unsere L\u00f6sungen zu sprechen.\" \/>\n<meta property=\"og:url\" content=\"https:\/\/www.finken-automation.de\/en\/gespraechstermin-vereinbaren\/\" \/>\n<meta property=\"og:site_name\" content=\"Finken Automation\" \/>\n<meta property=\"article:modified_time\" content=\"2026-01-31T13:34:42+00:00\" \/>\n<meta property=\"og:image\" content=\"https:\/\/www.finken-automation.de\/wp-content\/uploads\/2026\/01\/pInterface-Background-dark-Desktop.png\" \/>\n\t<meta property=\"og:image:width\" content=\"1920\" \/>\n\t<meta property=\"og:image:height\" content=\"1080\" \/>\n\t<meta property=\"og:image:type\" content=\"image\/png\" \/>\n<meta name=\"twitter:card\" content=\"summary_large_image\" \/>\n<meta name=\"twitter:label1\" content=\"Estimated reading time\" \/>\n\t<meta name=\"twitter:data1\" content=\"1 minute\" \/>\n<script type=\"application\/ld+json\" class=\"yoast-schema-graph\">{\"@context\":\"https:\\\/\\\/schema.org\",\"@graph\":[{\"@type\":\"WebPage\",\"@id\":\"https:\\\/\\\/www.finken-automation.de\\\/gespraechstermin-vereinbaren\\\/\",\"url\":\"https:\\\/\\\/www.finken-automation.de\\\/gespraechstermin-vereinbaren\\\/\",\"name\":\"Gespr\u00e4chstermin vereinbaren - Finken Automation\",\"isPartOf\":{\"@id\":\"https:\\\/\\\/www.finken-automation.de\\\/#website\"},\"primaryImageOfPage\":{\"@id\":\"https:\\\/\\\/www.finken-automation.de\\\/gespraechstermin-vereinbaren\\\/#primaryimage\"},\"image\":{\"@id\":\"https:\\\/\\\/www.finken-automation.de\\\/gespraechstermin-vereinbaren\\\/#primaryimage\"},\"thumbnailUrl\":\"https:\\\/\\\/www.finken-automation.de\\\/wp-content\\\/uploads\\\/2026\\\/01\\\/pInterface-Background-dark-Desktop-1024x576.png\",\"datePublished\":\"2024-12-02T07:58:01+00:00\",\"dateModified\":\"2026-01-31T13:34:42+00:00\",\"description\":\"Vereinbaren Sie noch heute einen Gespr\u00e4chstermin mit uns um \u00fcber Ihre Probleme und unsere L\u00f6sungen zu sprechen.\",\"breadcrumb\":{\"@id\":\"https:\\\/\\\/www.finken-automation.de\\\/gespraechstermin-vereinbaren\\\/#breadcrumb\"},\"inLanguage\":\"en-GB\",\"potentialAction\":[{\"@type\":\"ReadAction\",\"target\":[\"https:\\\/\\\/www.finken-automation.de\\\/gespraechstermin-vereinbaren\\\/\"]}]},{\"@type\":\"ImageObject\",\"inLanguage\":\"en-GB\",\"@id\":\"https:\\\/\\\/www.finken-automation.de\\\/gespraechstermin-vereinbaren\\\/#primaryimage\",\"url\":\"https:\\\/\\\/www.finken-automation.de\\\/wp-content\\\/uploads\\\/2026\\\/01\\\/pInterface-Background-dark-Desktop-1024x576.png\",\"contentUrl\":\"https:\\\/\\\/www.finken-automation.de\\\/wp-content\\\/uploads\\\/2026\\\/01\\\/pInterface-Background-dark-Desktop-1024x576.png\"},{\"@type\":\"BreadcrumbList\",\"@id\":\"https:\\\/\\\/www.finken-automation.de\\\/gespraechstermin-vereinbaren\\\/#breadcrumb\",\"itemListElement\":[{\"@type\":\"ListItem\",\"position\":1,\"name\":\"Startseite\",\"item\":\"https:\\\/\\\/www.finken-automation.de\\\/\"},{\"@type\":\"ListItem\",\"position\":2,\"name\":\"Gespr\u00e4chstermin vereinbaren\"}]},{\"@type\":\"WebSite\",\"@id\":\"https:\\\/\\\/www.finken-automation.de\\\/#website\",\"url\":\"https:\\\/\\\/www.finken-automation.de\\\/\",\"name\":\"Finken Automation\",\"description\":\"Elektrotechnik, Software und Maschinensicherheit\",\"publisher\":{\"@id\":\"https:\\\/\\\/www.finken-automation.de\\\/#organization\"},\"potentialAction\":[{\"@type\":\"SearchAction\",\"target\":{\"@type\":\"EntryPoint\",\"urlTemplate\":\"https:\\\/\\\/www.finken-automation.de\\\/?s={search_term_string}\"},\"query-input\":{\"@type\":\"PropertyValueSpecification\",\"valueRequired\":true,\"valueName\":\"search_term_string\"}}],\"inLanguage\":\"en-GB\"},{\"@type\":\"Organization\",\"@id\":\"https:\\\/\\\/www.finken-automation.de\\\/#organization\",\"name\":\"Finken Automation\",\"url\":\"https:\\\/\\\/www.finken-automation.de\\\/\",\"logo\":{\"@type\":\"ImageObject\",\"inLanguage\":\"en-GB\",\"@id\":\"https:\\\/\\\/www.finken-automation.de\\\/#\\\/schema\\\/logo\\\/image\\\/\",\"url\":\"https:\\\/\\\/www.finken-automation.de\\\/wp-content\\\/uploads\\\/2018\\\/09\\\/logo_fag_2016_300px.png\",\"contentUrl\":\"https:\\\/\\\/www.finken-automation.de\\\/wp-content\\\/uploads\\\/2018\\\/09\\\/logo_fag_2016_300px.png\",\"width\":300,\"height\":66,\"caption\":\"Finken Automation\"},\"image\":{\"@id\":\"https:\\\/\\\/www.finken-automation.de\\\/#\\\/schema\\\/logo\\\/image\\\/\"}}]}<\/script>\n<!-- \/ Yoast SEO plugin. -->","yoast_head_json":{"title":"Gespr\u00e4chstermin vereinbaren - Finken Automation","description":"Vereinbaren Sie noch heute einen Gespr\u00e4chstermin mit uns um \u00fcber Ihre Probleme und unsere L\u00f6sungen zu sprechen.","robots":{"index":"index","follow":"follow","max-snippet":"max-snippet:-1","max-image-preview":"max-image-preview:large","max-video-preview":"max-video-preview:-1"},"canonical":"https:\/\/www.finken-automation.de\/en\/gespraechstermin-vereinbaren\/","og_locale":"en_GB","og_type":"article","og_title":"Gespr\u00e4chstermin vereinbaren - Finken Automation","og_description":"Vereinbaren Sie noch heute einen Gespr\u00e4chstermin mit uns um \u00fcber Ihre Probleme und unsere L\u00f6sungen zu sprechen.","og_url":"https:\/\/www.finken-automation.de\/en\/gespraechstermin-vereinbaren\/","og_site_name":"Finken Automation","article_modified_time":"2026-01-31T13:34:42+00:00","og_image":[{"width":1920,"height":1080,"url":"https:\/\/www.finken-automation.de\/wp-content\/uploads\/2026\/01\/pInterface-Background-dark-Desktop.png","type":"image\/png"}],"twitter_card":"summary_large_image","twitter_misc":{"Estimated reading time":"1 minute"},"schema":{"@context":"https:\/\/schema.org","@graph":[{"@type":"WebPage","@id":"https:\/\/www.finken-automation.de\/gespraechstermin-vereinbaren\/","url":"https:\/\/www.finken-automation.de\/gespraechstermin-vereinbaren\/","name":"Gespr\u00e4chstermin vereinbaren - Finken Automation","isPartOf":{"@id":"https:\/\/www.finken-automation.de\/#website"},"primaryImageOfPage":{"@id":"https:\/\/www.finken-automation.de\/gespraechstermin-vereinbaren\/#primaryimage"},"image":{"@id":"https:\/\/www.finken-automation.de\/gespraechstermin-vereinbaren\/#primaryimage"},"thumbnailUrl":"https:\/\/www.finken-automation.de\/wp-content\/uploads\/2026\/01\/pInterface-Background-dark-Desktop-1024x576.png","datePublished":"2024-12-02T07:58:01+00:00","dateModified":"2026-01-31T13:34:42+00:00","description":"Vereinbaren Sie noch heute einen Gespr\u00e4chstermin mit uns um \u00fcber Ihre Probleme und unsere L\u00f6sungen zu sprechen.","breadcrumb":{"@id":"https:\/\/www.finken-automation.de\/gespraechstermin-vereinbaren\/#breadcrumb"},"inLanguage":"en-GB","potentialAction":[{"@type":"ReadAction","target":["https:\/\/www.finken-automation.de\/gespraechstermin-vereinbaren\/"]}]},{"@type":"ImageObject","inLanguage":"en-GB","@id":"https:\/\/www.finken-automation.de\/gespraechstermin-vereinbaren\/#primaryimage","url":"https:\/\/www.finken-automation.de\/wp-content\/uploads\/2026\/01\/pInterface-Background-dark-Desktop-1024x576.png","contentUrl":"https:\/\/www.finken-automation.de\/wp-content\/uploads\/2026\/01\/pInterface-Background-dark-Desktop-1024x576.png"},{"@type":"BreadcrumbList","@id":"https:\/\/www.finken-automation.de\/gespraechstermin-vereinbaren\/#breadcrumb","itemListElement":[{"@type":"ListItem","position":1,"name":"Startseite","item":"https:\/\/www.finken-automation.de\/"},{"@type":"ListItem","position":2,"name":"Gespr\u00e4chstermin vereinbaren"}]},{"@type":"WebSite","@id":"https:\/\/www.finken-automation.de\/#website","url":"https:\/\/www.finken-automation.de\/","name":"Finken Automation","description":"Elektrotechnik, Software und Maschinensicherheit","publisher":{"@id":"https:\/\/www.finken-automation.de\/#organization"},"potentialAction":[{"@type":"SearchAction","target":{"@type":"EntryPoint","urlTemplate":"https:\/\/www.finken-automation.de\/?s={search_term_string}"},"query-input":{"@type":"PropertyValueSpecification","valueRequired":true,"valueName":"search_term_string"}}],"inLanguage":"en-GB"},{"@type":"Organization","@id":"https:\/\/www.finken-automation.de\/#organization","name":"Finken Automation","url":"https:\/\/www.finken-automation.de\/","logo":{"@type":"ImageObject","inLanguage":"en-GB","@id":"https:\/\/www.finken-automation.de\/#\/schema\/logo\/image\/","url":"https:\/\/www.finken-automation.de\/wp-content\/uploads\/2018\/09\/logo_fag_2016_300px.png","contentUrl":"https:\/\/www.finken-automation.de\/wp-content\/uploads\/2018\/09\/logo_fag_2016_300px.png","width":300,"height":66,"caption":"Finken Automation"},"image":{"@id":"https:\/\/www.finken-automation.de\/#\/schema\/logo\/image\/"}}]}},"_links":{"self":[{"href":"https:\/\/www.finken-automation.de\/en\/wp-json\/wp\/v2\/pages\/2311","targetHints":{"allow":["GET"]}}],"collection":[{"href":"https:\/\/www.finken-automation.de\/en\/wp-json\/wp\/v2\/pages"}],"about":[{"href":"https:\/\/www.finken-automation.de\/en\/wp-json\/wp\/v2\/types\/page"}],"author":[{"embeddable":true,"href":"https:\/\/www.finken-automation.de\/en\/wp-json\/wp\/v2\/users\/1"}],"replies":[{"embeddable":true,"href":"https:\/\/www.finken-automation.de\/en\/wp-json\/wp\/v2\/comments?post=2311"}],"version-history":[{"count":10,"href":"https:\/\/www.finken-automation.de\/en\/wp-json\/wp\/v2\/pages\/2311\/revisions"}],"predecessor-version":[{"id":2609,"href":"https:\/\/www.finken-automation.de\/en\/wp-json\/wp\/v2\/pages\/2311\/revisions\/2609"}],"wp:attachment":[{"href":"https:\/\/www.finken-automation.de\/en\/wp-json\/wp\/v2\/media?parent=2311"}],"curies":[{"name":"wp","href":"https:\/\/api.w.org\/{rel}","templated":true}]}}