{"id":2390,"date":"2025-01-05T15:27:33","date_gmt":"2025-01-05T14:27:33","guid":{"rendered":"https:\/\/www.finken-automation.de\/?page_id=2390"},"modified":"2025-01-26T12:03:33","modified_gmt":"2025-01-26T11:03:33","slug":"modernisierungen","status":"publish","type":"page","link":"https:\/\/www.finken-automation.de\/en\/modernisierungen\/","title":{"rendered":"Modernisierungen ohne nennenswerten Produktionsausfall"},"content":{"rendered":"<div class=\"wp-block-cover alignfull is-light is-position-center-center\" style=\"min-height:400px;aspect-ratio:unset;\"><span aria-hidden=\"true\" class=\"wp-block-cover__background has-background-dim-30 has-background-dim\" style=\"background-color:#939499\"><\/span><img loading=\"lazy\" decoding=\"async\" width=\"1920\" height=\"1080\" class=\"wp-block-cover__image-background wp-image-2391\" alt=\"\" src=\"https:\/\/www.finken-automation.de\/wp-content\/uploads\/2025\/01\/modernisierungen.jpg\" data-object-fit=\"cover\" srcset=\"https:\/\/www.finken-automation.de\/wp-content\/uploads\/2025\/01\/modernisierungen.jpg 1920w, https:\/\/www.finken-automation.de\/wp-content\/uploads\/2025\/01\/modernisierungen-300x169.jpg 300w, https:\/\/www.finken-automation.de\/wp-content\/uploads\/2025\/01\/modernisierungen-1024x576.jpg 1024w, https:\/\/www.finken-automation.de\/wp-content\/uploads\/2025\/01\/modernisierungen-768x432.jpg 768w, https:\/\/www.finken-automation.de\/wp-content\/uploads\/2025\/01\/modernisierungen-1536x864.jpg 1536w, https:\/\/www.finken-automation.de\/wp-content\/uploads\/2025\/01\/modernisierungen-18x10.jpg 18w\" sizes=\"auto, (max-width: 1920px) 100vw, 1920px\" \/><div class=\"wp-block-cover__inner-container is-layout-flow wp-block-cover-is-layout-flow\">\n<p class=\"has-text-align-center has-text-color\" style=\"color:#fffffa;font-size:74px;line-height:1.1\"><strong>Erleben, was alles m\u00f6glich ist<\/strong><\/p>\n\n\n\n<p class=\"has-text-align-center has-white-color has-text-color\">Verschiedene Usecases zeigen, was Sie erwarten k\u00f6nnen<\/p>\n<\/div><\/div>\n\n\n\n<div style=\"height:40px\" aria-hidden=\"true\" class=\"wp-block-spacer\"><\/div>\n\n\n\n<div class=\"wp-block-group\"><div class=\"wp-block-group__inner-container is-layout-flow wp-block-group-is-layout-flow\">\n<h2 class=\"wp-block-heading has-text-align-center has-accent-color has-text-color has-large-font-size\" id=\"erfahrungen-aus-uber-25-jahren-elektrischer-automatisierung-intelligent-vereint-mitmodernen-methoden-der-ingenieurswelt-das-ist-unser-pautomation-framework\">Modernsierungen ohne nennenswerte Produktionsausf\u00e4lle<\/h2>\n\n\n\n<div class=\"wp-block-columns is-layout-flex wp-container-core-columns-is-layout-28f84493 wp-block-columns-is-layout-flex\">\n<div class=\"wp-block-column is-layout-flow wp-block-column-is-layout-flow\">\n<p class=\"has-text-align-center\">Jede Anlage, jedes Projekt wird individuell nach den Bed\u00fcrfnissen unserer Kunden geplant. Dabei legen wir besonderen Wert auf die Kommunikation, um allen Beteiligten unsere Vorgehensweise klar und transparent zu erl\u00e4utern. Nur wenn alle genau informiert sind, kann eine Umstellung ohne nennenswerte Produktionsausf\u00e4lle gelingen.<\/p>\n\n\n\n<p class=\"has-text-align-center\"><\/p>\n<\/div>\n<\/div>\n<\/div><\/div>\n\n\n\n<div style=\"height:40px\" aria-hidden=\"true\" class=\"wp-block-spacer\"><\/div>\n\n\n\n<div class=\"wp-block-group\"><div class=\"wp-block-group__inner-container is-layout-flow wp-block-group-is-layout-flow\">\n<h2 class=\"wp-block-heading has-accent-color has-text-color has-large-font-size\" id=\"pschematics\">40% schneller mit neuer Software<\/h2>\n\n\n\n<div class=\"wp-block-columns is-layout-flex wp-container-core-columns-is-layout-28f84493 wp-block-columns-is-layout-flex\">\n<div class=\"wp-block-column is-layout-flow wp-block-column-is-layout-flow\">\n<p style=\"font-size:18px\">Bei <a href=\"https:\/\/www.lieken.de\/home\">Lieken Brot- und Backwaren<\/a> am Standort L\u00fcnen wurde die Steuerungs-, Materialfluss- und Lagerverwaltungssoftware f\u00fcr ein Tiefk\u00fchllager erneuert. Das Ergebnis ist eine bis zu 40% schnellere Abwicklung bei der Verladung.<\/p>\n\n\n\n<p>Das Projekt (Retrofit F\u00f6rdertechnik):<br>&#8211; 11 CPUen, davon 5 Regalbedienger\u00e4te<br>&#8211; Produktion 24\/7 auf 6 Linien<br>&#8211; Umstellung in 3 Schritten gelang ohne Produktionsstillstand<br>&#8211; virtuelle Inbetriebnahme der Materialfluss- und Lagerstrategien im Vorfeld mit den Partnerunternehmen zusammen<\/p>\n\n\n\n<p style=\"font-size:18px\"><\/p>\n<\/div>\n\n\n\n<div class=\"wp-block-column is-layout-flow wp-block-column-is-layout-flow\">\n<figure class=\"wp-block-gallery has-nested-images columns-default is-cropped wp-block-gallery-1 is-layout-flex wp-block-gallery-is-layout-flex\">\n<figure class=\"wp-block-image size-full\"><img loading=\"lazy\" decoding=\"async\" width=\"800\" height=\"600\" data-id=\"2392\" src=\"https:\/\/www.finken-automation.de\/wp-content\/uploads\/2025\/01\/lieken.jpg\" alt=\"\" class=\"wp-image-2392\" srcset=\"https:\/\/www.finken-automation.de\/wp-content\/uploads\/2025\/01\/lieken.jpg 800w, https:\/\/www.finken-automation.de\/wp-content\/uploads\/2025\/01\/lieken-300x225.jpg 300w, https:\/\/www.finken-automation.de\/wp-content\/uploads\/2025\/01\/lieken-768x576.jpg 768w, https:\/\/www.finken-automation.de\/wp-content\/uploads\/2025\/01\/lieken-16x12.jpg 16w\" sizes=\"auto, (max-width: 800px) 100vw, 800px\" \/><\/figure>\n<\/figure>\n\n\n\n<p style=\"font-size:18px\"><\/p>\n<\/div>\n<\/div>\n<\/div><\/div>\n\n\n\n<div style=\"height:40px\" aria-hidden=\"true\" class=\"wp-block-spacer\"><\/div>\n\n\n\n<div class=\"wp-block-group\"><div class=\"wp-block-group__inner-container is-layout-flow wp-block-group-is-layout-flow\">\n<h2 class=\"wp-block-heading has-accent-color has-text-color has-large-font-size\" id=\"psafety\">Umstellung on the fly<\/h2>\n\n\n\n<div class=\"wp-block-columns is-layout-flex wp-container-core-columns-is-layout-28f84493 wp-block-columns-is-layout-flex\">\n<div class=\"wp-block-column is-layout-flow wp-block-column-is-layout-flow\">\n<figure class=\"wp-block-gallery has-nested-images columns-default is-cropped wp-block-gallery-2 is-layout-flex wp-block-gallery-is-layout-flex\">\n<figure class=\"wp-block-image size-full\"><img loading=\"lazy\" decoding=\"async\" width=\"800\" height=\"600\" data-id=\"2393\" src=\"https:\/\/www.finken-automation.de\/wp-content\/uploads\/2025\/01\/nutwork.jpg\" alt=\"\" class=\"wp-image-2393\" srcset=\"https:\/\/www.finken-automation.de\/wp-content\/uploads\/2025\/01\/nutwork.jpg 800w, https:\/\/www.finken-automation.de\/wp-content\/uploads\/2025\/01\/nutwork-300x225.jpg 300w, https:\/\/www.finken-automation.de\/wp-content\/uploads\/2025\/01\/nutwork-768x576.jpg 768w, https:\/\/www.finken-automation.de\/wp-content\/uploads\/2025\/01\/nutwork-16x12.jpg 16w\" sizes=\"auto, (max-width: 800px) 100vw, 800px\" \/><\/figure>\n<\/figure>\n\n\n\n<p style=\"font-size:18px\"><\/p>\n<\/div>\n\n\n\n<div class=\"wp-block-column is-layout-flow wp-block-column-is-layout-flow\">\n<p style=\"font-size:18px\">Im <a href=\"https:\/\/www.nutwork.de\/\">FDC Logistikzentrum<\/a> in Hamburg haben wir ein<br>automatisches Hochregallager mit sechs RBGs in 19 Gassen bei laufendem Betrieb auf eine neue Software umgestellt. Zus\u00e4tzlich haben wir die Elektrotechnik in Teilbereichen modernisiert.<\/p>\n\n\n\n<p>Das Projekt (Retrofit Hochregallager):<br>&#8211; zwei CPUen<br>&#8211; Umstellung am Wochenende<br>&#8211; virtuelle Inbetriebnahme der Strategien im Vorfeld<br>&#8211; Software der RBGs wurde beibehalten, nur die Schnittstelle angepasst<\/p>\n\n\n\n<p style=\"font-size:18px\"><\/p>\n<\/div>\n<\/div>\n<\/div><\/div>\n\n\n\n<div style=\"height:40px\" aria-hidden=\"true\" class=\"wp-block-spacer\"><\/div>\n\n\n\n<div class=\"wp-block-group\"><div class=\"wp-block-group__inner-container is-layout-flow wp-block-group-is-layout-flow\">\n<h2 class=\"wp-block-heading has-accent-color has-text-color has-large-font-size\" id=\"pcontrol\">Profibus durch Profinet ersetzen<\/h2>\n\n\n\n<div class=\"wp-block-columns is-layout-flex wp-container-core-columns-is-layout-28f84493 wp-block-columns-is-layout-flex\">\n<div class=\"wp-block-column is-layout-flow wp-block-column-is-layout-flow\">\n<p style=\"font-size:18px\">Gerade bei Anlagen mit vielen Profibus-Teilnehmern kommt es immer wieder zu St\u00f6rungen und Problemen, die sich in \u00fcberfl\u00fcssigen Anlagenstillst\u00e4nden bemerkbar machen. Besser ist es, den Profibus durch das stabilere Profinet zu ersetzen.<\/p>\n\n\n\n<p>Profibus:<br>&#8211; veraltet<br>&#8211; schwierige und aufw\u00e4ndige Fehlersuche<\/p>\n\n\n\n<p>Profinet:<br>+ Stand der Technik<br>+ deutlich robuster und leistungsf\u00e4higer<br>+ erheblich gesteigerte Anlagenverf\u00fcgbarkeit und somit Produktivit\u00e4t<\/p>\n\n\n\n<p style=\"font-size:18px\"><\/p>\n<\/div>\n\n\n\n<div class=\"wp-block-column is-layout-flow wp-block-column-is-layout-flow\">\n<figure class=\"wp-block-gallery has-nested-images columns-default is-cropped wp-block-gallery-3 is-layout-flex wp-block-gallery-is-layout-flex\">\n<figure class=\"wp-block-image size-full\"><img loading=\"lazy\" decoding=\"async\" width=\"800\" height=\"600\" data-id=\"2394\" src=\"https:\/\/www.finken-automation.de\/wp-content\/uploads\/2025\/01\/profinet.jpg\" alt=\"\" class=\"wp-image-2394\" srcset=\"https:\/\/www.finken-automation.de\/wp-content\/uploads\/2025\/01\/profinet.jpg 800w, https:\/\/www.finken-automation.de\/wp-content\/uploads\/2025\/01\/profinet-300x225.jpg 300w, https:\/\/www.finken-automation.de\/wp-content\/uploads\/2025\/01\/profinet-768x576.jpg 768w, https:\/\/www.finken-automation.de\/wp-content\/uploads\/2025\/01\/profinet-16x12.jpg 16w\" sizes=\"auto, (max-width: 800px) 100vw, 800px\" \/><\/figure>\n<\/figure>\n\n\n\n<p style=\"font-size:18px\"><\/p>\n<\/div>\n<\/div>\n<\/div><\/div>\n\n\n\n<div style=\"height:40px\" aria-hidden=\"true\" class=\"wp-block-spacer\"><\/div>\n\n\n\n<div class=\"wp-block-group\"><div class=\"wp-block-group__inner-container is-layout-flow wp-block-group-is-layout-flow\">\n<h2 class=\"wp-block-heading has-accent-color has-text-color has-large-font-size\" id=\"pinterface\">Antriebstechnik modernisieren<\/h2>\n\n\n\n<div class=\"wp-block-columns is-layout-flex wp-container-core-columns-is-layout-28f84493 wp-block-columns-is-layout-flex\">\n<div class=\"wp-block-column is-layout-flow wp-block-column-is-layout-flow\">\n<div class=\"wp-block-columns is-layout-flex wp-container-core-columns-is-layout-28f84493 wp-block-columns-is-layout-flex\">\n<div class=\"wp-block-column is-layout-flow wp-block-column-is-layout-flow\" style=\"flex-basis:100%\">\n<figure class=\"wp-block-gallery has-nested-images columns-default is-cropped wp-block-gallery-4 is-layout-flex wp-block-gallery-is-layout-flex\">\n<figure class=\"wp-block-image size-full\"><img loading=\"lazy\" decoding=\"async\" width=\"800\" height=\"600\" data-id=\"2395\" src=\"https:\/\/www.finken-automation.de\/wp-content\/uploads\/2025\/01\/antriebstechnik.jpg\" alt=\"\" class=\"wp-image-2395\" srcset=\"https:\/\/www.finken-automation.de\/wp-content\/uploads\/2025\/01\/antriebstechnik.jpg 800w, https:\/\/www.finken-automation.de\/wp-content\/uploads\/2025\/01\/antriebstechnik-300x225.jpg 300w, https:\/\/www.finken-automation.de\/wp-content\/uploads\/2025\/01\/antriebstechnik-768x576.jpg 768w, https:\/\/www.finken-automation.de\/wp-content\/uploads\/2025\/01\/antriebstechnik-16x12.jpg 16w\" sizes=\"auto, (max-width: 800px) 100vw, 800px\" \/><\/figure>\n<\/figure>\n<\/div>\n<\/div>\n\n\n\n<p style=\"font-size:18px\"><\/p>\n<\/div>\n\n\n\n<div class=\"wp-block-column is-layout-flow wp-block-column-is-layout-flow\">\n<p style=\"font-size:18px\">Veraltete Komponenten und fehlende Ersatzteile sowie Energieoptimierung sind wichtige<br>Aspekte f\u00fcr die Modernisierung. Neue Motoren und Frequenzumrichter sind zukunftssicher und sparen auch Energie (Betriebskosten).<\/p>\n\n\n\n<p style=\"font-size:18px\"><\/p>\n<\/div>\n<\/div>\n<\/div><\/div>\n\n\n\n<div style=\"height:40px\" aria-hidden=\"true\" class=\"wp-block-spacer\"><\/div>\n\n\n\n<div class=\"wp-block-media-text is-stacked-on-mobile\"><figure class=\"wp-block-media-text__media\"><img loading=\"lazy\" decoding=\"async\" width=\"1024\" height=\"576\" src=\"https:\/\/www.finken-automation.de\/wp-content\/uploads\/2025\/01\/Finken-1024x576.jpg\" alt=\"Die beiden Gesch\u00e4ftsf\u00fchrer von Finken Automation: Stefan Finken und Patrick Finken\" class=\"wp-image-2506 size-full\" srcset=\"https:\/\/www.finken-automation.de\/wp-content\/uploads\/2025\/01\/Finken-1024x576.jpg 1024w, https:\/\/www.finken-automation.de\/wp-content\/uploads\/2025\/01\/Finken-300x169.jpg 300w, https:\/\/www.finken-automation.de\/wp-content\/uploads\/2025\/01\/Finken-768x432.jpg 768w, https:\/\/www.finken-automation.de\/wp-content\/uploads\/2025\/01\/Finken-1536x864.jpg 1536w, https:\/\/www.finken-automation.de\/wp-content\/uploads\/2025\/01\/Finken-18x10.jpg 18w, https:\/\/www.finken-automation.de\/wp-content\/uploads\/2025\/01\/Finken.jpg 1920w\" sizes=\"auto, (max-width: 1024px) 100vw, 1024px\" \/><\/figure><div class=\"wp-block-media-text__content\">\n<p class=\"has-accent-color has-text-color has-link-color wp-elements-63ffa4cf796ee00ffcfc7a78d0ff8b5f\"><strong>Lassen Sie uns ins Gespr\u00e4ch kommen!<\/strong><\/p>\n\n\n\n<p>Vereinbaren Sie einen unverbindlichen Gespr\u00e4chstermin, um \u00fcber Ihre Herausforderungen und unsere L\u00f6sungen zu sprechen.<\/p>\n\n\n\n<div class=\"wp-block-buttons is-layout-flex wp-block-buttons-is-layout-flex\">\n<div class=\"wp-block-button\"><a class=\"wp-block-button__link has-white-color has-accent-background-color has-text-color has-background has-link-color wp-element-button\" href=\"https:\/\/www.finken-automation.de\/gespraechstermin-vereinbaren\/\">GESPR\u00c4CHSTERMIN VEREINBAREN<\/a><\/div>\n<\/div>\n<\/div><\/div>\n\n\n\n<div style=\"height:80px\" aria-hidden=\"true\" class=\"wp-block-spacer\"><\/div>","protected":false},"excerpt":{"rendered":"<p>Modernsierungen ohne nennenswerte Produktionsausf\u00e4lle Jede Anlage, jedes Projekt wird individuell nach den Bed\u00fcrfnissen unserer Kunden geplant. Dabei legen wir besonderen Wert auf die Kommunikation, um allen Beteiligten unsere Vorgehensweise klar und transparent zu erl\u00e4utern. Nur wenn alle genau informiert sind, kann eine Umstellung ohne nennenswerte Produktionsausf\u00e4lle gelingen. 40% schneller mit [&hellip;]<\/p>\n","protected":false},"author":1,"featured_media":0,"parent":0,"menu_order":0,"comment_status":"closed","ping_status":"closed","template":"page-templates\/template-fullwidth.php","meta":{"footnotes":""},"class_list":["post-2390","page","type-page","status-publish","hentry"],"yoast_head":"<!-- This site is optimized with the Yoast SEO plugin v27.4 - https:\/\/yoast.com\/product\/yoast-seo-wordpress\/ -->\n<title>Modernisierungen ohne nennenswerten Produktionsausfall - Finken Automation<\/title>\n<meta name=\"description\" content=\"Im laufenden Betrieb ohne nennenswerten Ausfall modernisieren. Wir zeigen Ihnen, was ein Retrofit der F\u00f6rdertechnik bewirken kann.\" \/>\n<meta name=\"robots\" content=\"index, follow, max-snippet:-1, max-image-preview:large, max-video-preview:-1\" \/>\n<link rel=\"canonical\" href=\"https:\/\/www.finken-automation.de\/en\/modernisierungen\/\" \/>\n<meta property=\"og:locale\" content=\"en_GB\" \/>\n<meta property=\"og:type\" content=\"article\" \/>\n<meta property=\"og:title\" content=\"Modernisierungen ohne nennenswerten Produktionsausfall - Finken Automation\" \/>\n<meta property=\"og:description\" content=\"Im laufenden Betrieb ohne nennenswerten Ausfall modernisieren. Wir zeigen Ihnen, was ein Retrofit der F\u00f6rdertechnik bewirken kann.\" \/>\n<meta property=\"og:url\" content=\"https:\/\/www.finken-automation.de\/en\/modernisierungen\/\" \/>\n<meta property=\"og:site_name\" content=\"Finken Automation\" \/>\n<meta property=\"article:modified_time\" content=\"2025-01-26T11:03:33+00:00\" \/>\n<meta property=\"og:image\" content=\"https:\/\/www.finken-automation.de\/wp-content\/uploads\/2025\/01\/modernisierungen.jpg\" \/>\n\t<meta property=\"og:image:width\" content=\"1920\" \/>\n\t<meta property=\"og:image:height\" content=\"1080\" \/>\n\t<meta property=\"og:image:type\" content=\"image\/jpeg\" \/>\n<meta name=\"twitter:card\" content=\"summary_large_image\" \/>\n<meta name=\"twitter:label1\" content=\"Estimated reading time\" \/>\n\t<meta name=\"twitter:data1\" content=\"3 minutes\" \/>\n<script type=\"application\/ld+json\" class=\"yoast-schema-graph\">{\"@context\":\"https:\\\/\\\/schema.org\",\"@graph\":[{\"@type\":\"WebPage\",\"@id\":\"https:\\\/\\\/www.finken-automation.de\\\/modernisierungen\\\/\",\"url\":\"https:\\\/\\\/www.finken-automation.de\\\/modernisierungen\\\/\",\"name\":\"Modernisierungen ohne nennenswerten Produktionsausfall - Finken Automation\",\"isPartOf\":{\"@id\":\"https:\\\/\\\/www.finken-automation.de\\\/#website\"},\"primaryImageOfPage\":{\"@id\":\"https:\\\/\\\/www.finken-automation.de\\\/modernisierungen\\\/#primaryimage\"},\"image\":{\"@id\":\"https:\\\/\\\/www.finken-automation.de\\\/modernisierungen\\\/#primaryimage\"},\"thumbnailUrl\":\"https:\\\/\\\/www.finken-automation.de\\\/wp-content\\\/uploads\\\/2025\\\/01\\\/modernisierungen.jpg\",\"datePublished\":\"2025-01-05T14:27:33+00:00\",\"dateModified\":\"2025-01-26T11:03:33+00:00\",\"description\":\"Im laufenden Betrieb ohne nennenswerten Ausfall modernisieren. Wir zeigen Ihnen, was ein Retrofit der F\u00f6rdertechnik bewirken kann.\",\"breadcrumb\":{\"@id\":\"https:\\\/\\\/www.finken-automation.de\\\/modernisierungen\\\/#breadcrumb\"},\"inLanguage\":\"en-GB\",\"potentialAction\":[{\"@type\":\"ReadAction\",\"target\":[\"https:\\\/\\\/www.finken-automation.de\\\/modernisierungen\\\/\"]}]},{\"@type\":\"ImageObject\",\"inLanguage\":\"en-GB\",\"@id\":\"https:\\\/\\\/www.finken-automation.de\\\/modernisierungen\\\/#primaryimage\",\"url\":\"https:\\\/\\\/www.finken-automation.de\\\/wp-content\\\/uploads\\\/2025\\\/01\\\/modernisierungen.jpg\",\"contentUrl\":\"https:\\\/\\\/www.finken-automation.de\\\/wp-content\\\/uploads\\\/2025\\\/01\\\/modernisierungen.jpg\"},{\"@type\":\"BreadcrumbList\",\"@id\":\"https:\\\/\\\/www.finken-automation.de\\\/modernisierungen\\\/#breadcrumb\",\"itemListElement\":[{\"@type\":\"ListItem\",\"position\":1,\"name\":\"Startseite\",\"item\":\"https:\\\/\\\/www.finken-automation.de\\\/\"},{\"@type\":\"ListItem\",\"position\":2,\"name\":\"Modernisierungen ohne nennenswerten Produktionsausfall\"}]},{\"@type\":\"WebSite\",\"@id\":\"https:\\\/\\\/www.finken-automation.de\\\/#website\",\"url\":\"https:\\\/\\\/www.finken-automation.de\\\/\",\"name\":\"Finken Automation\",\"description\":\"Elektrotechnik, Software und Maschinensicherheit\",\"publisher\":{\"@id\":\"https:\\\/\\\/www.finken-automation.de\\\/#organization\"},\"potentialAction\":[{\"@type\":\"SearchAction\",\"target\":{\"@type\":\"EntryPoint\",\"urlTemplate\":\"https:\\\/\\\/www.finken-automation.de\\\/?s={search_term_string}\"},\"query-input\":{\"@type\":\"PropertyValueSpecification\",\"valueRequired\":true,\"valueName\":\"search_term_string\"}}],\"inLanguage\":\"en-GB\"},{\"@type\":\"Organization\",\"@id\":\"https:\\\/\\\/www.finken-automation.de\\\/#organization\",\"name\":\"Finken Automation\",\"url\":\"https:\\\/\\\/www.finken-automation.de\\\/\",\"logo\":{\"@type\":\"ImageObject\",\"inLanguage\":\"en-GB\",\"@id\":\"https:\\\/\\\/www.finken-automation.de\\\/#\\\/schema\\\/logo\\\/image\\\/\",\"url\":\"https:\\\/\\\/www.finken-automation.de\\\/wp-content\\\/uploads\\\/2018\\\/09\\\/logo_fag_2016_300px.png\",\"contentUrl\":\"https:\\\/\\\/www.finken-automation.de\\\/wp-content\\\/uploads\\\/2018\\\/09\\\/logo_fag_2016_300px.png\",\"width\":300,\"height\":66,\"caption\":\"Finken Automation\"},\"image\":{\"@id\":\"https:\\\/\\\/www.finken-automation.de\\\/#\\\/schema\\\/logo\\\/image\\\/\"}}]}<\/script>\n<!-- \/ Yoast SEO plugin. -->","yoast_head_json":{"title":"Modernisierungen ohne nennenswerten Produktionsausfall - Finken Automation","description":"Im laufenden Betrieb ohne nennenswerten Ausfall modernisieren. Wir zeigen Ihnen, was ein Retrofit der F\u00f6rdertechnik bewirken kann.","robots":{"index":"index","follow":"follow","max-snippet":"max-snippet:-1","max-image-preview":"max-image-preview:large","max-video-preview":"max-video-preview:-1"},"canonical":"https:\/\/www.finken-automation.de\/en\/modernisierungen\/","og_locale":"en_GB","og_type":"article","og_title":"Modernisierungen ohne nennenswerten Produktionsausfall - Finken Automation","og_description":"Im laufenden Betrieb ohne nennenswerten Ausfall modernisieren. Wir zeigen Ihnen, was ein Retrofit der F\u00f6rdertechnik bewirken kann.","og_url":"https:\/\/www.finken-automation.de\/en\/modernisierungen\/","og_site_name":"Finken Automation","article_modified_time":"2025-01-26T11:03:33+00:00","og_image":[{"width":1920,"height":1080,"url":"https:\/\/www.finken-automation.de\/wp-content\/uploads\/2025\/01\/modernisierungen.jpg","type":"image\/jpeg"}],"twitter_card":"summary_large_image","twitter_misc":{"Estimated reading time":"3 minutes"},"schema":{"@context":"https:\/\/schema.org","@graph":[{"@type":"WebPage","@id":"https:\/\/www.finken-automation.de\/modernisierungen\/","url":"https:\/\/www.finken-automation.de\/modernisierungen\/","name":"Modernisierungen ohne nennenswerten Produktionsausfall - Finken Automation","isPartOf":{"@id":"https:\/\/www.finken-automation.de\/#website"},"primaryImageOfPage":{"@id":"https:\/\/www.finken-automation.de\/modernisierungen\/#primaryimage"},"image":{"@id":"https:\/\/www.finken-automation.de\/modernisierungen\/#primaryimage"},"thumbnailUrl":"https:\/\/www.finken-automation.de\/wp-content\/uploads\/2025\/01\/modernisierungen.jpg","datePublished":"2025-01-05T14:27:33+00:00","dateModified":"2025-01-26T11:03:33+00:00","description":"Im laufenden Betrieb ohne nennenswerten Ausfall modernisieren. Wir zeigen Ihnen, was ein Retrofit der F\u00f6rdertechnik bewirken kann.","breadcrumb":{"@id":"https:\/\/www.finken-automation.de\/modernisierungen\/#breadcrumb"},"inLanguage":"en-GB","potentialAction":[{"@type":"ReadAction","target":["https:\/\/www.finken-automation.de\/modernisierungen\/"]}]},{"@type":"ImageObject","inLanguage":"en-GB","@id":"https:\/\/www.finken-automation.de\/modernisierungen\/#primaryimage","url":"https:\/\/www.finken-automation.de\/wp-content\/uploads\/2025\/01\/modernisierungen.jpg","contentUrl":"https:\/\/www.finken-automation.de\/wp-content\/uploads\/2025\/01\/modernisierungen.jpg"},{"@type":"BreadcrumbList","@id":"https:\/\/www.finken-automation.de\/modernisierungen\/#breadcrumb","itemListElement":[{"@type":"ListItem","position":1,"name":"Startseite","item":"https:\/\/www.finken-automation.de\/"},{"@type":"ListItem","position":2,"name":"Modernisierungen ohne nennenswerten Produktionsausfall"}]},{"@type":"WebSite","@id":"https:\/\/www.finken-automation.de\/#website","url":"https:\/\/www.finken-automation.de\/","name":"Finken Automation","description":"Elektrotechnik, Software und Maschinensicherheit","publisher":{"@id":"https:\/\/www.finken-automation.de\/#organization"},"potentialAction":[{"@type":"SearchAction","target":{"@type":"EntryPoint","urlTemplate":"https:\/\/www.finken-automation.de\/?s={search_term_string}"},"query-input":{"@type":"PropertyValueSpecification","valueRequired":true,"valueName":"search_term_string"}}],"inLanguage":"en-GB"},{"@type":"Organization","@id":"https:\/\/www.finken-automation.de\/#organization","name":"Finken Automation","url":"https:\/\/www.finken-automation.de\/","logo":{"@type":"ImageObject","inLanguage":"en-GB","@id":"https:\/\/www.finken-automation.de\/#\/schema\/logo\/image\/","url":"https:\/\/www.finken-automation.de\/wp-content\/uploads\/2018\/09\/logo_fag_2016_300px.png","contentUrl":"https:\/\/www.finken-automation.de\/wp-content\/uploads\/2018\/09\/logo_fag_2016_300px.png","width":300,"height":66,"caption":"Finken Automation"},"image":{"@id":"https:\/\/www.finken-automation.de\/#\/schema\/logo\/image\/"}}]}},"_links":{"self":[{"href":"https:\/\/www.finken-automation.de\/en\/wp-json\/wp\/v2\/pages\/2390","targetHints":{"allow":["GET"]}}],"collection":[{"href":"https:\/\/www.finken-automation.de\/en\/wp-json\/wp\/v2\/pages"}],"about":[{"href":"https:\/\/www.finken-automation.de\/en\/wp-json\/wp\/v2\/types\/page"}],"author":[{"embeddable":true,"href":"https:\/\/www.finken-automation.de\/en\/wp-json\/wp\/v2\/users\/1"}],"replies":[{"embeddable":true,"href":"https:\/\/www.finken-automation.de\/en\/wp-json\/wp\/v2\/comments?post=2390"}],"version-history":[{"count":10,"href":"https:\/\/www.finken-automation.de\/en\/wp-json\/wp\/v2\/pages\/2390\/revisions"}],"predecessor-version":[{"id":2539,"href":"https:\/\/www.finken-automation.de\/en\/wp-json\/wp\/v2\/pages\/2390\/revisions\/2539"}],"wp:attachment":[{"href":"https:\/\/www.finken-automation.de\/en\/wp-json\/wp\/v2\/media?parent=2390"}],"curies":[{"name":"wp","href":"https:\/\/api.w.org\/{rel}","templated":true}]}}