{"id":2400,"date":"2025-01-06T10:14:22","date_gmt":"2025-01-06T09:14:22","guid":{"rendered":"https:\/\/www.finken-automation.de\/?page_id=2400"},"modified":"2025-01-26T11:49:44","modified_gmt":"2025-01-26T10:49:44","slug":"herausforderungen-meistern","status":"publish","type":"page","link":"https:\/\/www.finken-automation.de\/en\/herausforderungen-meistern\/","title":{"rendered":"Herausforderungen meistern"},"content":{"rendered":"<div class=\"wp-block-cover alignfull is-position-center-center\" style=\"min-height:400px;aspect-ratio:unset;\"><span aria-hidden=\"true\" class=\"wp-block-cover__background has-background-dim-30 has-background-dim\" style=\"background-color:#61605b\"><\/span><img loading=\"lazy\" decoding=\"async\" width=\"2560\" height=\"1440\" class=\"wp-block-cover__image-background wp-image-2402\" alt=\"\" src=\"https:\/\/www.finken-automation.de\/wp-content\/uploads\/2025\/01\/Probleme-in-den-Griff-bekommen-scaled.jpg\" data-object-fit=\"cover\" srcset=\"https:\/\/www.finken-automation.de\/wp-content\/uploads\/2025\/01\/Probleme-in-den-Griff-bekommen-scaled.jpg 2560w, https:\/\/www.finken-automation.de\/wp-content\/uploads\/2025\/01\/Probleme-in-den-Griff-bekommen-300x169.jpg 300w, https:\/\/www.finken-automation.de\/wp-content\/uploads\/2025\/01\/Probleme-in-den-Griff-bekommen-1024x576.jpg 1024w, https:\/\/www.finken-automation.de\/wp-content\/uploads\/2025\/01\/Probleme-in-den-Griff-bekommen-768x432.jpg 768w, https:\/\/www.finken-automation.de\/wp-content\/uploads\/2025\/01\/Probleme-in-den-Griff-bekommen-1536x864.jpg 1536w, https:\/\/www.finken-automation.de\/wp-content\/uploads\/2025\/01\/Probleme-in-den-Griff-bekommen-2048x1152.jpg 2048w, https:\/\/www.finken-automation.de\/wp-content\/uploads\/2025\/01\/Probleme-in-den-Griff-bekommen-18x10.jpg 18w\" sizes=\"auto, (max-width: 2560px) 100vw, 2560px\" \/><div class=\"wp-block-cover__inner-container is-layout-flow wp-block-cover-is-layout-flow\">\n<p class=\"has-text-align-center has-text-color\" style=\"color:#fffffa;font-size:74px;line-height:1.1\"><strong>Probleme in den Griff bekommen<\/strong><\/p>\n\n\n\n<p class=\"has-text-align-center has-white-color has-text-color\">Die Herausforderungen souver\u00e4n meistern<\/p>\n<\/div><\/div>\n\n\n\n<div style=\"height:40px\" aria-hidden=\"true\" class=\"wp-block-spacer\"><\/div>\n\n\n\n<div class=\"wp-block-group\"><div class=\"wp-block-group__inner-container is-layout-flow wp-block-group-is-layout-flow\">\n<h2 class=\"wp-block-heading has-text-align-center has-accent-color has-text-color has-large-font-size\" id=\"erfahrungen-aus-uber-25-jahren-elektrischer-automatisierung-intelligent-vereint-mitmodernen-methoden-der-ingenieurswelt-das-ist-unser-pautomation-framework\">Ineffizient, teuer, aufw\u00e4ndig<\/h2>\n\n\n\n<div class=\"wp-block-columns is-layout-flex wp-container-core-columns-is-layout-28f84493 wp-block-columns-is-layout-flex\">\n<div class=\"wp-block-column is-layout-flow wp-block-column-is-layout-flow\">\n<p class=\"has-text-align-center\">Als Betreiber bestehender Anlagen stehen Sie an vielen Stellen vor gro\u00dfen Herausforderungen: abgek\u00fcndigte Komponenten gef\u00e4hrden die Ersatzteilversorgung, ungeplante Stillst\u00e4nde durch Komponentenausfall oder es fehlt an geeignetem Personal. Gut, wenn da ein Partner hilft.<\/p>\n\n\n\n<p class=\"has-text-align-center\"><\/p>\n<\/div>\n<\/div>\n<\/div><\/div>\n\n\n\n<div style=\"height:40px\" aria-hidden=\"true\" class=\"wp-block-spacer\"><\/div>\n\n\n\n<div class=\"wp-block-group\"><div class=\"wp-block-group__inner-container is-layout-flow wp-block-group-is-layout-flow\">\n<h2 class=\"wp-block-heading has-accent-color has-text-color has-large-font-size\" id=\"pschematics\">Veraltete Elektrotechnik<\/h2>\n\n\n\n<div class=\"wp-block-columns is-layout-flex wp-container-core-columns-is-layout-28f84493 wp-block-columns-is-layout-flex\">\n<div class=\"wp-block-column is-layout-flow wp-block-column-is-layout-flow\">\n<p style=\"font-size:18px\">Veraltete <a href=\"https:\/\/www.finken-automation.de\/elektrotechnik\">Electrical Engineering <\/a>stellt zunehmend eine Gefahr f\u00fcr die Anlagenverf\u00fcgbarkeit dar. In vielen Anlagen ist noch die Elektrotechnik von der ersten Inbetriebnahme verbaut. Diese Komponenten sind oftmals schon 20 Jahre und \u00e4lter. Die Zeit hinterl\u00e4sst auch hier ihre Spuren in Form von Verschlei\u00df, Korrosion oder Verunreinigungen. Dies f\u00fchrt zu ungeplanten Ausf\u00e4llen und erschwert die Fehlersuche. K\u00e4mpfen auch Sie mit sporadischen, unn\u00f6tigen Stillst\u00e4nden? Handeln Sie jetzt!<\/p>\n\n\n\n<p style=\"font-size:18px\"><\/p>\n<\/div>\n\n\n\n<div class=\"wp-block-column is-layout-flow wp-block-column-is-layout-flow\">\n<figure class=\"wp-block-gallery has-nested-images columns-default is-cropped wp-block-gallery-1 is-layout-flex wp-block-gallery-is-layout-flex\">\n<figure class=\"wp-block-image size-full\"><img loading=\"lazy\" decoding=\"async\" width=\"800\" height=\"600\" data-id=\"2403\" src=\"https:\/\/www.finken-automation.de\/wp-content\/uploads\/2025\/01\/veraltete-elektrotechnik.jpg\" alt=\"\" class=\"wp-image-2403\" srcset=\"https:\/\/www.finken-automation.de\/wp-content\/uploads\/2025\/01\/veraltete-elektrotechnik.jpg 800w, https:\/\/www.finken-automation.de\/wp-content\/uploads\/2025\/01\/veraltete-elektrotechnik-300x225.jpg 300w, https:\/\/www.finken-automation.de\/wp-content\/uploads\/2025\/01\/veraltete-elektrotechnik-768x576.jpg 768w, https:\/\/www.finken-automation.de\/wp-content\/uploads\/2025\/01\/veraltete-elektrotechnik-16x12.jpg 16w\" sizes=\"auto, (max-width: 800px) 100vw, 800px\" \/><\/figure>\n<\/figure>\n\n\n\n<p style=\"font-size:18px\"><\/p>\n<\/div>\n<\/div>\n<\/div><\/div>\n\n\n\n<div style=\"height:40px\" aria-hidden=\"true\" class=\"wp-block-spacer\"><\/div>\n\n\n\n<div class=\"wp-block-group\"><div class=\"wp-block-group__inner-container is-layout-flow wp-block-group-is-layout-flow\">\n<h2 class=\"wp-block-heading has-accent-color has-text-color has-large-font-size\" id=\"psafety\">Ersatzteile sind nicht mehr verf\u00fcgbar<\/h2>\n\n\n\n<div class=\"wp-block-columns is-layout-flex wp-container-core-columns-is-layout-28f84493 wp-block-columns-is-layout-flex\">\n<div class=\"wp-block-column is-layout-flow wp-block-column-is-layout-flow\">\n<figure class=\"wp-block-gallery has-nested-images columns-default is-cropped wp-block-gallery-2 is-layout-flex wp-block-gallery-is-layout-flex\">\n<figure class=\"wp-block-image size-full\"><img loading=\"lazy\" decoding=\"async\" width=\"800\" height=\"600\" data-id=\"2404\" src=\"https:\/\/www.finken-automation.de\/wp-content\/uploads\/2025\/01\/siemens-op7.jpg\" alt=\"\" class=\"wp-image-2404\" srcset=\"https:\/\/www.finken-automation.de\/wp-content\/uploads\/2025\/01\/siemens-op7.jpg 800w, https:\/\/www.finken-automation.de\/wp-content\/uploads\/2025\/01\/siemens-op7-300x225.jpg 300w, https:\/\/www.finken-automation.de\/wp-content\/uploads\/2025\/01\/siemens-op7-768x576.jpg 768w, https:\/\/www.finken-automation.de\/wp-content\/uploads\/2025\/01\/siemens-op7-16x12.jpg 16w\" sizes=\"auto, (max-width: 800px) 100vw, 800px\" \/><\/figure>\n<\/figure>\n\n\n\n<p style=\"font-size:18px\"><\/p>\n<\/div>\n\n\n\n<div class=\"wp-block-column is-layout-flow wp-block-column-is-layout-flow\">\n<p style=\"font-size:18px\">Viele Komponenten sind inzwischen abgek\u00fcndigt oder werden in absehbarer Zeit nicht mehr verf\u00fcgbar sein. Die Beschaffung von Ersatzteilen wird aufwendig und teuer. Um dies zu verhindern, sollten Sie fr\u00fchzeitig modernisieren. Wir unterst\u00fctzen Sie bei der <a href=\"https:\/\/www.finken-automation.de\/modernisierungen\">Modernisierung <\/a>und beraten Sie kompetent. F\u00fcr viele Probleme gibt es L\u00f6sungen, die bezahlbar und ohne gro\u00dfen Stillstand zu realisieren sind. Sprechen Sie uns gerne an.<\/p>\n\n\n\n<p style=\"font-size:18px\"><\/p>\n<\/div>\n<\/div>\n<\/div><\/div>\n\n\n\n<div style=\"height:40px\" aria-hidden=\"true\" class=\"wp-block-spacer\"><\/div>\n\n\n\n<div class=\"wp-block-group\"><div class=\"wp-block-group__inner-container is-layout-flow wp-block-group-is-layout-flow\">\n<h2 class=\"wp-block-heading has-accent-color has-text-color has-large-font-size\" id=\"pcontrol\">Fehlendes Personal und Know-how<\/h2>\n\n\n\n<div class=\"wp-block-columns is-layout-flex wp-container-core-columns-is-layout-28f84493 wp-block-columns-is-layout-flex\">\n<div class=\"wp-block-column is-layout-flow wp-block-column-is-layout-flow\">\n<p style=\"font-size:18px\">Fachkr\u00e4ftemangel und Ausscheiden erfahrener Mitarbeitender, mit denen Ihr Unternehmen weiteres Wissen verliert. Gerade \u00e4ltere Technologien und Komponenten, wie die hier abgebildete Siemens Simatic S5, sind den j\u00fcngeren Mitarbeitenden nicht mehr bekannt. Um auch zuk\u00fcnftig die Maschine und Anlage nutzen zu k\u00f6nnen, sollten Sie die Elektrotechnik auf einen aktuellen Stand der Technik bringen. Denn was hilft Ihnen eine Maschine, die Sie nicht nutzen k\u00f6nnen, weil niemand sie instand halten kann?<\/p>\n\n\n\n<p style=\"font-size:18px\"><\/p>\n<\/div>\n\n\n\n<div class=\"wp-block-column is-layout-flow wp-block-column-is-layout-flow\">\n<figure class=\"wp-block-gallery has-nested-images columns-default is-cropped wp-block-gallery-3 is-layout-flex wp-block-gallery-is-layout-flex\">\n<figure class=\"wp-block-image size-full\"><img loading=\"lazy\" decoding=\"async\" width=\"800\" height=\"600\" data-id=\"2405\" src=\"https:\/\/www.finken-automation.de\/wp-content\/uploads\/2025\/01\/siemens-simatic-s5.jpg\" alt=\"\" class=\"wp-image-2405\" srcset=\"https:\/\/www.finken-automation.de\/wp-content\/uploads\/2025\/01\/siemens-simatic-s5.jpg 800w, https:\/\/www.finken-automation.de\/wp-content\/uploads\/2025\/01\/siemens-simatic-s5-300x225.jpg 300w, https:\/\/www.finken-automation.de\/wp-content\/uploads\/2025\/01\/siemens-simatic-s5-768x576.jpg 768w, https:\/\/www.finken-automation.de\/wp-content\/uploads\/2025\/01\/siemens-simatic-s5-16x12.jpg 16w\" sizes=\"auto, (max-width: 800px) 100vw, 800px\" \/><\/figure>\n<\/figure>\n\n\n\n<p style=\"font-size:18px\"><\/p>\n<\/div>\n<\/div>\n<\/div><\/div>\n\n\n\n<div style=\"height:40px\" aria-hidden=\"true\" class=\"wp-block-spacer\"><\/div>\n\n\n\n<div class=\"wp-block-group\"><div class=\"wp-block-group__inner-container is-layout-flow wp-block-group-is-layout-flow\">\n<h2 class=\"wp-block-heading has-accent-color has-text-color has-large-font-size\" id=\"pinterface\">Ver\u00e4nderte Anforderungen<\/h2>\n\n\n\n<div class=\"wp-block-columns is-layout-flex wp-container-core-columns-is-layout-28f84493 wp-block-columns-is-layout-flex\">\n<div class=\"wp-block-column is-layout-flow wp-block-column-is-layout-flow\">\n<div class=\"wp-block-columns is-layout-flex wp-container-core-columns-is-layout-28f84493 wp-block-columns-is-layout-flex\">\n<div class=\"wp-block-column is-layout-flow wp-block-column-is-layout-flow\" style=\"flex-basis:100%\">\n<figure class=\"wp-block-gallery has-nested-images columns-default is-cropped wp-block-gallery-4 is-layout-flex wp-block-gallery-is-layout-flex\">\n<figure class=\"wp-block-image size-full\"><img loading=\"lazy\" decoding=\"async\" width=\"800\" height=\"600\" data-id=\"2406\" src=\"https:\/\/www.finken-automation.de\/wp-content\/uploads\/2025\/01\/veraenderte-anforderungen.jpg\" alt=\"\" class=\"wp-image-2406\" srcset=\"https:\/\/www.finken-automation.de\/wp-content\/uploads\/2025\/01\/veraenderte-anforderungen.jpg 800w, https:\/\/www.finken-automation.de\/wp-content\/uploads\/2025\/01\/veraenderte-anforderungen-300x225.jpg 300w, https:\/\/www.finken-automation.de\/wp-content\/uploads\/2025\/01\/veraenderte-anforderungen-768x576.jpg 768w, https:\/\/www.finken-automation.de\/wp-content\/uploads\/2025\/01\/veraenderte-anforderungen-16x12.jpg 16w\" sizes=\"auto, (max-width: 800px) 100vw, 800px\" \/><\/figure>\n<\/figure>\n<\/div>\n<\/div>\n\n\n\n<p style=\"font-size:18px\"><\/p>\n<\/div>\n\n\n\n<div class=\"wp-block-column is-layout-flow wp-block-column-is-layout-flow\">\n<p style=\"font-size:18px\">Ihre innerbetrieblichen Abl\u00e4ufe und Anforderungen haben sich ver\u00e4ndert, aber Ihre Steuerungssoftware und Automatisierung ist auf dem Stand von gestern? Passen Sie die Technik kostenoptimiert an Ihre Prozesse an. Durch eine flexible Elektrotechnik mit passender <a href=\"https:\/\/www.finken-automation.de\/software\">Software <\/a>k\u00f6nnen Sie selbst \u00e4ltere Bestandsanlagen auf ein modernes Produktionsniveau hieven ohne die gesamte Anlage zu erneuern.<\/p>\n\n\n\n<p style=\"font-size:18px\"><\/p>\n<\/div>\n<\/div>\n<\/div><\/div>\n\n\n\n<div style=\"height:40px\" aria-hidden=\"true\" class=\"wp-block-spacer\"><\/div>\n\n\n\n<div class=\"wp-block-media-text is-stacked-on-mobile\"><figure class=\"wp-block-media-text__media\"><img loading=\"lazy\" decoding=\"async\" width=\"1024\" height=\"576\" src=\"https:\/\/www.finken-automation.de\/wp-content\/uploads\/2025\/01\/Finken-1024x576.jpg\" alt=\"Die beiden Gesch\u00e4ftsf\u00fchrer von Finken Automation: Stefan Finken und Patrick Finken\" class=\"wp-image-2506 size-full\" srcset=\"https:\/\/www.finken-automation.de\/wp-content\/uploads\/2025\/01\/Finken-1024x576.jpg 1024w, https:\/\/www.finken-automation.de\/wp-content\/uploads\/2025\/01\/Finken-300x169.jpg 300w, https:\/\/www.finken-automation.de\/wp-content\/uploads\/2025\/01\/Finken-768x432.jpg 768w, https:\/\/www.finken-automation.de\/wp-content\/uploads\/2025\/01\/Finken-1536x864.jpg 1536w, https:\/\/www.finken-automation.de\/wp-content\/uploads\/2025\/01\/Finken-18x10.jpg 18w, https:\/\/www.finken-automation.de\/wp-content\/uploads\/2025\/01\/Finken.jpg 1920w\" sizes=\"auto, (max-width: 1024px) 100vw, 1024px\" \/><\/figure><div class=\"wp-block-media-text__content\">\n<p class=\"has-accent-color has-text-color has-link-color wp-elements-63ffa4cf796ee00ffcfc7a78d0ff8b5f\"><strong>Lassen Sie uns ins Gespr\u00e4ch kommen!<\/strong><\/p>\n\n\n\n<p>Vereinbaren Sie einen unverbindlichen Gespr\u00e4chstermin, um \u00fcber Ihre Herausforderungen und unsere L\u00f6sungen zu sprechen.<\/p>\n\n\n\n<div class=\"wp-block-buttons is-layout-flex wp-block-buttons-is-layout-flex\">\n<div class=\"wp-block-button\"><a class=\"wp-block-button__link has-white-color has-accent-background-color has-text-color has-background has-link-color wp-element-button\" href=\"https:\/\/www.finken-automation.de\/gespraechstermin-vereinbaren\/\">GESPR\u00c4CHSTERMIN VEREINBAREN<\/a><\/div>\n<\/div>\n<\/div><\/div>\n\n\n\n<div style=\"height:80px\" aria-hidden=\"true\" class=\"wp-block-spacer\"><\/div>","protected":false},"excerpt":{"rendered":"<p>Ineffizient, teuer, aufw\u00e4ndig Als Betreiber bestehender Anlagen stehen Sie an vielen Stellen vor gro\u00dfen Herausforderungen: abgek\u00fcndigte Komponenten gef\u00e4hrden die Ersatzteilversorgung, ungeplante Stillst\u00e4nde durch Komponentenausfall oder es fehlt an geeignetem Personal. Gut, wenn da ein Partner hilft. Veraltete Elektrotechnik Veraltete Elektrotechnik stellt zunehmend eine Gefahr f\u00fcr die Anlagenverf\u00fcgbarkeit dar. In vielen [&hellip;]<\/p>\n","protected":false},"author":1,"featured_media":0,"parent":0,"menu_order":0,"comment_status":"closed","ping_status":"closed","template":"page-templates\/template-fullwidth.php","meta":{"footnotes":""},"class_list":["post-2400","page","type-page","status-publish","hentry"],"yoast_head":"<!-- This site is optimized with the Yoast SEO plugin v27.5 - https:\/\/yoast.com\/product\/yoast-seo-wordpress\/ -->\n<title>Herausforderungen meistern - Finken Automation<\/title>\n<meta name=\"description\" content=\"Veraltete Elektrotechnik, abgek\u00fcndigte Komponenten, ungeplante Stillst\u00e4nde, fehlendes Personal - wir helfen beim Retrofit der F\u00f6rdertechnik\" \/>\n<meta name=\"robots\" content=\"index, follow, max-snippet:-1, max-image-preview:large, max-video-preview:-1\" \/>\n<link rel=\"canonical\" href=\"https:\/\/www.finken-automation.de\/en\/herausforderungen-meistern\/\" \/>\n<meta property=\"og:locale\" content=\"en_GB\" \/>\n<meta property=\"og:type\" content=\"article\" \/>\n<meta property=\"og:title\" content=\"Herausforderungen meistern - Finken Automation\" \/>\n<meta property=\"og:description\" content=\"Veraltete Elektrotechnik, abgek\u00fcndigte Komponenten, ungeplante Stillst\u00e4nde, fehlendes Personal - wir helfen beim Retrofit der F\u00f6rdertechnik\" \/>\n<meta property=\"og:url\" content=\"https:\/\/www.finken-automation.de\/en\/herausforderungen-meistern\/\" \/>\n<meta property=\"og:site_name\" content=\"Finken Automation\" \/>\n<meta property=\"article:modified_time\" content=\"2025-01-26T10:49:44+00:00\" \/>\n<meta property=\"og:image\" content=\"https:\/\/www.finken-automation.de\/wp-content\/uploads\/2025\/01\/Probleme-in-den-Griff-bekommen-scaled.jpg\" \/>\n\t<meta property=\"og:image:width\" content=\"2560\" \/>\n\t<meta property=\"og:image:height\" content=\"1440\" \/>\n\t<meta property=\"og:image:type\" content=\"image\/jpeg\" \/>\n<meta name=\"twitter:card\" content=\"summary_large_image\" \/>\n<meta name=\"twitter:label1\" content=\"Estimated reading time\" \/>\n\t<meta name=\"twitter:data1\" content=\"4 minutes\" \/>\n<script type=\"application\/ld+json\" class=\"yoast-schema-graph\">{\"@context\":\"https:\\\/\\\/schema.org\",\"@graph\":[{\"@type\":\"WebPage\",\"@id\":\"https:\\\/\\\/www.finken-automation.de\\\/herausforderungen-meistern\\\/\",\"url\":\"https:\\\/\\\/www.finken-automation.de\\\/herausforderungen-meistern\\\/\",\"name\":\"Herausforderungen meistern - Finken Automation\",\"isPartOf\":{\"@id\":\"https:\\\/\\\/www.finken-automation.de\\\/#website\"},\"primaryImageOfPage\":{\"@id\":\"https:\\\/\\\/www.finken-automation.de\\\/herausforderungen-meistern\\\/#primaryimage\"},\"image\":{\"@id\":\"https:\\\/\\\/www.finken-automation.de\\\/herausforderungen-meistern\\\/#primaryimage\"},\"thumbnailUrl\":\"https:\\\/\\\/www.finken-automation.de\\\/wp-content\\\/uploads\\\/2025\\\/01\\\/Probleme-in-den-Griff-bekommen-scaled.jpg\",\"datePublished\":\"2025-01-06T09:14:22+00:00\",\"dateModified\":\"2025-01-26T10:49:44+00:00\",\"description\":\"Veraltete Elektrotechnik, abgek\u00fcndigte Komponenten, ungeplante Stillst\u00e4nde, fehlendes Personal - wir helfen beim Retrofit der F\u00f6rdertechnik\",\"breadcrumb\":{\"@id\":\"https:\\\/\\\/www.finken-automation.de\\\/herausforderungen-meistern\\\/#breadcrumb\"},\"inLanguage\":\"en-GB\",\"potentialAction\":[{\"@type\":\"ReadAction\",\"target\":[\"https:\\\/\\\/www.finken-automation.de\\\/herausforderungen-meistern\\\/\"]}]},{\"@type\":\"ImageObject\",\"inLanguage\":\"en-GB\",\"@id\":\"https:\\\/\\\/www.finken-automation.de\\\/herausforderungen-meistern\\\/#primaryimage\",\"url\":\"https:\\\/\\\/www.finken-automation.de\\\/wp-content\\\/uploads\\\/2025\\\/01\\\/Probleme-in-den-Griff-bekommen-scaled.jpg\",\"contentUrl\":\"https:\\\/\\\/www.finken-automation.de\\\/wp-content\\\/uploads\\\/2025\\\/01\\\/Probleme-in-den-Griff-bekommen-scaled.jpg\"},{\"@type\":\"BreadcrumbList\",\"@id\":\"https:\\\/\\\/www.finken-automation.de\\\/herausforderungen-meistern\\\/#breadcrumb\",\"itemListElement\":[{\"@type\":\"ListItem\",\"position\":1,\"name\":\"Startseite\",\"item\":\"https:\\\/\\\/www.finken-automation.de\\\/\"},{\"@type\":\"ListItem\",\"position\":2,\"name\":\"Herausforderungen meistern\"}]},{\"@type\":\"WebSite\",\"@id\":\"https:\\\/\\\/www.finken-automation.de\\\/#website\",\"url\":\"https:\\\/\\\/www.finken-automation.de\\\/\",\"name\":\"Finken Automation\",\"description\":\"Elektrotechnik, Software und Maschinensicherheit\",\"publisher\":{\"@id\":\"https:\\\/\\\/www.finken-automation.de\\\/#organization\"},\"potentialAction\":[{\"@type\":\"SearchAction\",\"target\":{\"@type\":\"EntryPoint\",\"urlTemplate\":\"https:\\\/\\\/www.finken-automation.de\\\/?s={search_term_string}\"},\"query-input\":{\"@type\":\"PropertyValueSpecification\",\"valueRequired\":true,\"valueName\":\"search_term_string\"}}],\"inLanguage\":\"en-GB\"},{\"@type\":\"Organization\",\"@id\":\"https:\\\/\\\/www.finken-automation.de\\\/#organization\",\"name\":\"Finken Automation\",\"url\":\"https:\\\/\\\/www.finken-automation.de\\\/\",\"logo\":{\"@type\":\"ImageObject\",\"inLanguage\":\"en-GB\",\"@id\":\"https:\\\/\\\/www.finken-automation.de\\\/#\\\/schema\\\/logo\\\/image\\\/\",\"url\":\"https:\\\/\\\/www.finken-automation.de\\\/wp-content\\\/uploads\\\/2018\\\/09\\\/logo_fag_2016_300px.png\",\"contentUrl\":\"https:\\\/\\\/www.finken-automation.de\\\/wp-content\\\/uploads\\\/2018\\\/09\\\/logo_fag_2016_300px.png\",\"width\":300,\"height\":66,\"caption\":\"Finken Automation\"},\"image\":{\"@id\":\"https:\\\/\\\/www.finken-automation.de\\\/#\\\/schema\\\/logo\\\/image\\\/\"}}]}<\/script>\n<!-- \/ Yoast SEO plugin. -->","yoast_head_json":{"title":"Herausforderungen meistern - Finken Automation","description":"Veraltete Elektrotechnik, abgek\u00fcndigte Komponenten, ungeplante Stillst\u00e4nde, fehlendes Personal - wir helfen beim Retrofit der F\u00f6rdertechnik","robots":{"index":"index","follow":"follow","max-snippet":"max-snippet:-1","max-image-preview":"max-image-preview:large","max-video-preview":"max-video-preview:-1"},"canonical":"https:\/\/www.finken-automation.de\/en\/herausforderungen-meistern\/","og_locale":"en_GB","og_type":"article","og_title":"Herausforderungen meistern - Finken Automation","og_description":"Veraltete Elektrotechnik, abgek\u00fcndigte Komponenten, ungeplante Stillst\u00e4nde, fehlendes Personal - wir helfen beim Retrofit der F\u00f6rdertechnik","og_url":"https:\/\/www.finken-automation.de\/en\/herausforderungen-meistern\/","og_site_name":"Finken Automation","article_modified_time":"2025-01-26T10:49:44+00:00","og_image":[{"width":2560,"height":1440,"url":"https:\/\/www.finken-automation.de\/wp-content\/uploads\/2025\/01\/Probleme-in-den-Griff-bekommen-scaled.jpg","type":"image\/jpeg"}],"twitter_card":"summary_large_image","twitter_misc":{"Estimated reading time":"4 minutes"},"schema":{"@context":"https:\/\/schema.org","@graph":[{"@type":"WebPage","@id":"https:\/\/www.finken-automation.de\/herausforderungen-meistern\/","url":"https:\/\/www.finken-automation.de\/herausforderungen-meistern\/","name":"Herausforderungen meistern - Finken Automation","isPartOf":{"@id":"https:\/\/www.finken-automation.de\/#website"},"primaryImageOfPage":{"@id":"https:\/\/www.finken-automation.de\/herausforderungen-meistern\/#primaryimage"},"image":{"@id":"https:\/\/www.finken-automation.de\/herausforderungen-meistern\/#primaryimage"},"thumbnailUrl":"https:\/\/www.finken-automation.de\/wp-content\/uploads\/2025\/01\/Probleme-in-den-Griff-bekommen-scaled.jpg","datePublished":"2025-01-06T09:14:22+00:00","dateModified":"2025-01-26T10:49:44+00:00","description":"Veraltete Elektrotechnik, abgek\u00fcndigte Komponenten, ungeplante Stillst\u00e4nde, fehlendes Personal - wir helfen beim Retrofit der F\u00f6rdertechnik","breadcrumb":{"@id":"https:\/\/www.finken-automation.de\/herausforderungen-meistern\/#breadcrumb"},"inLanguage":"en-GB","potentialAction":[{"@type":"ReadAction","target":["https:\/\/www.finken-automation.de\/herausforderungen-meistern\/"]}]},{"@type":"ImageObject","inLanguage":"en-GB","@id":"https:\/\/www.finken-automation.de\/herausforderungen-meistern\/#primaryimage","url":"https:\/\/www.finken-automation.de\/wp-content\/uploads\/2025\/01\/Probleme-in-den-Griff-bekommen-scaled.jpg","contentUrl":"https:\/\/www.finken-automation.de\/wp-content\/uploads\/2025\/01\/Probleme-in-den-Griff-bekommen-scaled.jpg"},{"@type":"BreadcrumbList","@id":"https:\/\/www.finken-automation.de\/herausforderungen-meistern\/#breadcrumb","itemListElement":[{"@type":"ListItem","position":1,"name":"Startseite","item":"https:\/\/www.finken-automation.de\/"},{"@type":"ListItem","position":2,"name":"Herausforderungen meistern"}]},{"@type":"WebSite","@id":"https:\/\/www.finken-automation.de\/#website","url":"https:\/\/www.finken-automation.de\/","name":"Finken Automation","description":"Elektrotechnik, Software und Maschinensicherheit","publisher":{"@id":"https:\/\/www.finken-automation.de\/#organization"},"potentialAction":[{"@type":"SearchAction","target":{"@type":"EntryPoint","urlTemplate":"https:\/\/www.finken-automation.de\/?s={search_term_string}"},"query-input":{"@type":"PropertyValueSpecification","valueRequired":true,"valueName":"search_term_string"}}],"inLanguage":"en-GB"},{"@type":"Organization","@id":"https:\/\/www.finken-automation.de\/#organization","name":"Finken Automation","url":"https:\/\/www.finken-automation.de\/","logo":{"@type":"ImageObject","inLanguage":"en-GB","@id":"https:\/\/www.finken-automation.de\/#\/schema\/logo\/image\/","url":"https:\/\/www.finken-automation.de\/wp-content\/uploads\/2018\/09\/logo_fag_2016_300px.png","contentUrl":"https:\/\/www.finken-automation.de\/wp-content\/uploads\/2018\/09\/logo_fag_2016_300px.png","width":300,"height":66,"caption":"Finken Automation"},"image":{"@id":"https:\/\/www.finken-automation.de\/#\/schema\/logo\/image\/"}}]}},"_links":{"self":[{"href":"https:\/\/www.finken-automation.de\/en\/wp-json\/wp\/v2\/pages\/2400","targetHints":{"allow":["GET"]}}],"collection":[{"href":"https:\/\/www.finken-automation.de\/en\/wp-json\/wp\/v2\/pages"}],"about":[{"href":"https:\/\/www.finken-automation.de\/en\/wp-json\/wp\/v2\/types\/page"}],"author":[{"embeddable":true,"href":"https:\/\/www.finken-automation.de\/en\/wp-json\/wp\/v2\/users\/1"}],"replies":[{"embeddable":true,"href":"https:\/\/www.finken-automation.de\/en\/wp-json\/wp\/v2\/comments?post=2400"}],"version-history":[{"count":6,"href":"https:\/\/www.finken-automation.de\/en\/wp-json\/wp\/v2\/pages\/2400\/revisions"}],"predecessor-version":[{"id":2521,"href":"https:\/\/www.finken-automation.de\/en\/wp-json\/wp\/v2\/pages\/2400\/revisions\/2521"}],"wp:attachment":[{"href":"https:\/\/www.finken-automation.de\/en\/wp-json\/wp\/v2\/media?parent=2400"}],"curies":[{"name":"wp","href":"https:\/\/api.w.org\/{rel}","templated":true}]}}