{"id":43,"date":"2018-09-18T13:28:47","date_gmt":"2018-09-18T11:28:47","guid":{"rendered":"http:\/\/finken-automation.de\/wp\/?page_id=43"},"modified":"2025-01-06T15:41:52","modified_gmt":"2025-01-06T14:41:52","slug":"impressum","status":"publish","type":"page","link":"https:\/\/www.finken-automation.de\/en\/impressum\/","title":{"rendered":"Imprint"},"content":{"rendered":"<h2>Imprint<\/h2>\n<h4>Angaben gem\u00e4\u00df \u00a7 5 TMG:<\/h4>\n<p>Finken Automation GmbH<br \/>\nEinruhrstr. 100<br \/>\n41199 Moenchengladbach (Germany)<\/p>\n<h4>Vertreten durch:<\/h4>\n<p>Herr Stefan Finken, Gesch\u00e4ftsf\u00fchrer<br \/>\nHerr Patrick Finken, Gesch\u00e4ftsf\u00fchrer<\/p>\n<h4>Kontakt:<\/h4>\n<p>Telefon: +49 2166 9143 0<br \/>\nE-Mail: mail@finken-automation.de<br \/>\nInternet: https:\/\/www.finken-automation.de<\/p>\n<h4>Registereintrag:<\/h4>\n<p>Eintragung im Handelsregister<br \/>\nRegistergericht: Amtsgericht M\u00f6nchengladbach<br \/>\nRegisternummer: HRB 5127<\/p>\n<h4>Umsatzsteuer:<\/h4>\n<p>Umsatzsteuer-Identifikationsnummer gem\u00e4\u00df \u00a727 a Umsatzsteuergesetz:<br \/>\nDE 172 681 976<\/p>\n<h4>Verantwortlich f\u00fcr den Inhalt nach \u00a7 55 Abs. 2 RStV:<\/h4>\n<p>Herr Stefan Finken, Herr Patrick Finken<\/p>\n<h4>Quellenangaben f\u00fcr verwendete Bilder, Grafiken und Videos:<\/h4>\n<p><em>Finken Automation GmbH<br \/>\nMax Media Solutions, Maximilian Warneke<br \/>\n<\/em><em>iStock. by Getty Images<\/em>: kadmy, GregorBister<\/p>\n<p><small>Quelle: <a href=\"https:\/\/www.erecht24.de\">eRecht24<\/a><\/small><\/p>\n<h2>Haftungsausschluss<\/h2>\n<h4>Haftung f\u00fcr Inhalte<\/h4>\n<p>Als Diensteanbieter sind wir gem\u00e4\u00df \u00a7 7 Abs.1 TMG f\u00fcr eigene Inhalte auf diesen Seiten nach den allgemeinen Gesetzen verantwortlich. Nach \u00a7\u00a7 8 bis 10 TMG sind wir als Diensteanbieter jedoch nicht verpflichtet, \u00fcbermittelte oder gespeicherte fremde Informationen zu \u00fcberwachen oder nach Umst\u00e4nden zu forschen, die auf eine rechtswidrige T\u00e4tigkeit hinweisen. Verpflichtungen zur Entfernung oder Sperrung der Nutzung von Informationen nach den allgemeinen Gesetzen bleiben hiervon unber\u00fchrt. Eine diesbez\u00fcgliche Haftung ist jedoch erst ab dem Zeitpunkt der Kenntnis einer konkreten Rechtsverletzung m\u00f6glich. Bei Bekanntwerden von entsprechenden Rechtsverletzungen werden wir diese Inhalte umgehend entfernen.<\/p>\n<h4>Haftung f\u00fcr Links<\/h4>\n<p>Unser Angebot kann Links zu externen Websites Dritter enthalten, auf deren Inhalte wir keinen Einfluss haben. Deshalb k\u00f6nnen wir f\u00fcr diese fremden Inhalte auch keine Gew\u00e4hr \u00fcbernehmen. F\u00fcr die Inhalte der verlinkten Seiten ist stets der jeweilige Anbieter oder Betreiber der Seiten verantwortlich. Die verlinkten Seiten wurden zum Zeitpunkt der Verlinkung auf m\u00f6gliche Rechtsverst\u00f6\u00dfe \u00fcberpr\u00fcft. Rechtswidrige Inhalte waren zum Zeitpunkt der Verlinkung nicht erkennbar. Eine permanente inhaltliche Kontrolle der verlinkten Seiten ist jedoch ohne konkrete Anhaltspunkte einer Rechtsverletzung nicht zumutbar. Bei Bekanntwerden von Rechtsverletzungen werden wir derartige Links umgehend entfernen.<\/p>\n<h4>Urheberrecht<\/h4>\n<p>Die durch die Seitenbetreiber erstellten Inhalte und Werke auf diesen Seiten unterliegen dem deutschen Urheberrecht. Die Vervielf\u00e4ltigung, Bearbeitung, Verbreitung und jede Art der Verwertung au\u00dferhalb der Grenzen des Urheberrechtes bed\u00fcrfen der schriftlichen Zustimmung des jeweiligen Autors bzw. Erstellers. Downloads und Kopien dieser Seite sind nur f\u00fcr den privaten, nicht kommerziellen Gebrauch gestattet. Soweit die Inhalte auf dieser Seite nicht vom Betreiber erstellt wurden, werden die Urheberrechte Dritter beachtet. Insbesondere werden Inhalte Dritter als solche gekennzeichnet. Sollten Sie trotzdem auf eine Urheberrechtsverletzung aufmerksam werden, bitten wir um einen entsprechenden Hinweis. Bei Bekanntwerden von Rechtsverletzungen werden wir derartige Inhalte umgehend entfernen.<\/p>\n<p><small>Quelle: <a href=\"https:\/\/www.erecht24.de\">eRecht24<\/a><\/small><\/p>","protected":false},"excerpt":{"rendered":"<p>Impressum Angaben gem\u00e4\u00df \u00a7 5 TMG: Finken Automation GmbH Einruhrstra\u00dfe 100 41199 M\u00f6nchengladbach (Germany) Vertreten durch: Herr Stefan Finken, Gesch\u00e4ftsf\u00fchrer Herr Patrick Finken, Gesch\u00e4ftsf\u00fchrer Kontakt: Telefon: +49 2166 9143 0 E-Mail: mail@finken-automation.de Internet: https:\/\/www.finken-automation.de Registereintrag: Eintragung im Handelsregister Registergericht: Amtsgericht M\u00f6nchengladbach Registernummer: HRB 5127 Umsatzsteuer: Umsatzsteuer-Identifikationsnummer gem\u00e4\u00df \u00a727 a Umsatzsteuergesetz: [&hellip;]<\/p>\n","protected":false},"author":1,"featured_media":0,"parent":0,"menu_order":0,"comment_status":"closed","ping_status":"closed","template":"page-templates\/template-fullwidth.php","meta":{"footnotes":""},"class_list":["post-43","page","type-page","status-publish","hentry"],"yoast_head":"<!-- This site is optimized with the Yoast SEO plugin v27.5 - https:\/\/yoast.com\/product\/yoast-seo-wordpress\/ -->\n<title>Impressum - Finken Automation<\/title>\n<meta name=\"robots\" content=\"noindex, follow\" \/>\n<meta property=\"og:locale\" content=\"en_GB\" \/>\n<meta property=\"og:type\" content=\"article\" \/>\n<meta property=\"og:title\" content=\"Impressum - Finken Automation\" \/>\n<meta property=\"og:description\" content=\"Impressum Angaben gem\u00e4\u00df \u00a7 5 TMG: Finken Automation GmbH Einruhrstra\u00dfe 100 41199 M\u00f6nchengladbach (Germany) Vertreten durch: Herr Stefan Finken, Gesch\u00e4ftsf\u00fchrer Herr Patrick Finken, Gesch\u00e4ftsf\u00fchrer Kontakt: Telefon: +49 2166 9143 0 E-Mail: mail@finken-automation.de Internet: https:\/\/www.finken-automation.de Registereintrag: Eintragung im Handelsregister Registergericht: Amtsgericht M\u00f6nchengladbach Registernummer: HRB 5127 Umsatzsteuer: Umsatzsteuer-Identifikationsnummer gem\u00e4\u00df \u00a727 a Umsatzsteuergesetz: [&hellip;]\" \/>\n<meta property=\"og:url\" content=\"https:\/\/www.finken-automation.de\/en\/impressum\/\" \/>\n<meta property=\"og:site_name\" content=\"Finken Automation\" \/>\n<meta property=\"article:modified_time\" content=\"2025-01-06T14:41:52+00:00\" \/>\n<meta name=\"twitter:card\" content=\"summary_large_image\" \/>\n<meta name=\"twitter:label1\" content=\"Estimated reading time\" \/>\n\t<meta name=\"twitter:data1\" content=\"3 minutes\" \/>\n<script type=\"application\/ld+json\" class=\"yoast-schema-graph\">{\"@context\":\"https:\\\/\\\/schema.org\",\"@graph\":[{\"@type\":\"WebPage\",\"@id\":\"https:\\\/\\\/www.finken-automation.de\\\/impressum\\\/\",\"url\":\"https:\\\/\\\/www.finken-automation.de\\\/impressum\\\/\",\"name\":\"Impressum - Finken Automation\",\"isPartOf\":{\"@id\":\"https:\\\/\\\/www.finken-automation.de\\\/#website\"},\"datePublished\":\"2018-09-18T11:28:47+00:00\",\"dateModified\":\"2025-01-06T14:41:52+00:00\",\"breadcrumb\":{\"@id\":\"https:\\\/\\\/www.finken-automation.de\\\/impressum\\\/#breadcrumb\"},\"inLanguage\":\"en-GB\",\"potentialAction\":[{\"@type\":\"ReadAction\",\"target\":[\"https:\\\/\\\/www.finken-automation.de\\\/impressum\\\/\"]}]},{\"@type\":\"BreadcrumbList\",\"@id\":\"https:\\\/\\\/www.finken-automation.de\\\/impressum\\\/#breadcrumb\",\"itemListElement\":[{\"@type\":\"ListItem\",\"position\":1,\"name\":\"Startseite\",\"item\":\"https:\\\/\\\/www.finken-automation.de\\\/\"},{\"@type\":\"ListItem\",\"position\":2,\"name\":\"Impressum\"}]},{\"@type\":\"WebSite\",\"@id\":\"https:\\\/\\\/www.finken-automation.de\\\/#website\",\"url\":\"https:\\\/\\\/www.finken-automation.de\\\/\",\"name\":\"Finken Automation\",\"description\":\"Elektrotechnik, Software und Maschinensicherheit\",\"publisher\":{\"@id\":\"https:\\\/\\\/www.finken-automation.de\\\/#organization\"},\"potentialAction\":[{\"@type\":\"SearchAction\",\"target\":{\"@type\":\"EntryPoint\",\"urlTemplate\":\"https:\\\/\\\/www.finken-automation.de\\\/?s={search_term_string}\"},\"query-input\":{\"@type\":\"PropertyValueSpecification\",\"valueRequired\":true,\"valueName\":\"search_term_string\"}}],\"inLanguage\":\"en-GB\"},{\"@type\":\"Organization\",\"@id\":\"https:\\\/\\\/www.finken-automation.de\\\/#organization\",\"name\":\"Finken Automation\",\"url\":\"https:\\\/\\\/www.finken-automation.de\\\/\",\"logo\":{\"@type\":\"ImageObject\",\"inLanguage\":\"en-GB\",\"@id\":\"https:\\\/\\\/www.finken-automation.de\\\/#\\\/schema\\\/logo\\\/image\\\/\",\"url\":\"https:\\\/\\\/www.finken-automation.de\\\/wp-content\\\/uploads\\\/2018\\\/09\\\/logo_fag_2016_300px.png\",\"contentUrl\":\"https:\\\/\\\/www.finken-automation.de\\\/wp-content\\\/uploads\\\/2018\\\/09\\\/logo_fag_2016_300px.png\",\"width\":300,\"height\":66,\"caption\":\"Finken Automation\"},\"image\":{\"@id\":\"https:\\\/\\\/www.finken-automation.de\\\/#\\\/schema\\\/logo\\\/image\\\/\"}}]}<\/script>\n<!-- \/ Yoast SEO plugin. -->","yoast_head_json":{"title":"Impressum - Finken Automation","robots":{"index":"noindex","follow":"follow"},"og_locale":"en_GB","og_type":"article","og_title":"Impressum - Finken Automation","og_description":"Impressum Angaben gem\u00e4\u00df \u00a7 5 TMG: Finken Automation GmbH Einruhrstra\u00dfe 100 41199 M\u00f6nchengladbach (Germany) Vertreten durch: Herr Stefan Finken, Gesch\u00e4ftsf\u00fchrer Herr Patrick Finken, Gesch\u00e4ftsf\u00fchrer Kontakt: Telefon: +49 2166 9143 0 E-Mail: mail@finken-automation.de Internet: https:\/\/www.finken-automation.de Registereintrag: Eintragung im Handelsregister Registergericht: Amtsgericht M\u00f6nchengladbach Registernummer: HRB 5127 Umsatzsteuer: Umsatzsteuer-Identifikationsnummer gem\u00e4\u00df \u00a727 a Umsatzsteuergesetz: [&hellip;]","og_url":"https:\/\/www.finken-automation.de\/en\/impressum\/","og_site_name":"Finken Automation","article_modified_time":"2025-01-06T14:41:52+00:00","twitter_card":"summary_large_image","twitter_misc":{"Estimated reading time":"3 minutes"},"schema":{"@context":"https:\/\/schema.org","@graph":[{"@type":"WebPage","@id":"https:\/\/www.finken-automation.de\/impressum\/","url":"https:\/\/www.finken-automation.de\/impressum\/","name":"Impressum - Finken Automation","isPartOf":{"@id":"https:\/\/www.finken-automation.de\/#website"},"datePublished":"2018-09-18T11:28:47+00:00","dateModified":"2025-01-06T14:41:52+00:00","breadcrumb":{"@id":"https:\/\/www.finken-automation.de\/impressum\/#breadcrumb"},"inLanguage":"en-GB","potentialAction":[{"@type":"ReadAction","target":["https:\/\/www.finken-automation.de\/impressum\/"]}]},{"@type":"BreadcrumbList","@id":"https:\/\/www.finken-automation.de\/impressum\/#breadcrumb","itemListElement":[{"@type":"ListItem","position":1,"name":"Startseite","item":"https:\/\/www.finken-automation.de\/"},{"@type":"ListItem","position":2,"name":"Impressum"}]},{"@type":"WebSite","@id":"https:\/\/www.finken-automation.de\/#website","url":"https:\/\/www.finken-automation.de\/","name":"Finken Automation","description":"Elektrotechnik, Software und Maschinensicherheit","publisher":{"@id":"https:\/\/www.finken-automation.de\/#organization"},"potentialAction":[{"@type":"SearchAction","target":{"@type":"EntryPoint","urlTemplate":"https:\/\/www.finken-automation.de\/?s={search_term_string}"},"query-input":{"@type":"PropertyValueSpecification","valueRequired":true,"valueName":"search_term_string"}}],"inLanguage":"en-GB"},{"@type":"Organization","@id":"https:\/\/www.finken-automation.de\/#organization","name":"Finken Automation","url":"https:\/\/www.finken-automation.de\/","logo":{"@type":"ImageObject","inLanguage":"en-GB","@id":"https:\/\/www.finken-automation.de\/#\/schema\/logo\/image\/","url":"https:\/\/www.finken-automation.de\/wp-content\/uploads\/2018\/09\/logo_fag_2016_300px.png","contentUrl":"https:\/\/www.finken-automation.de\/wp-content\/uploads\/2018\/09\/logo_fag_2016_300px.png","width":300,"height":66,"caption":"Finken Automation"},"image":{"@id":"https:\/\/www.finken-automation.de\/#\/schema\/logo\/image\/"}}]}},"_links":{"self":[{"href":"https:\/\/www.finken-automation.de\/en\/wp-json\/wp\/v2\/pages\/43","targetHints":{"allow":["GET"]}}],"collection":[{"href":"https:\/\/www.finken-automation.de\/en\/wp-json\/wp\/v2\/pages"}],"about":[{"href":"https:\/\/www.finken-automation.de\/en\/wp-json\/wp\/v2\/types\/page"}],"author":[{"embeddable":true,"href":"https:\/\/www.finken-automation.de\/en\/wp-json\/wp\/v2\/users\/1"}],"replies":[{"embeddable":true,"href":"https:\/\/www.finken-automation.de\/en\/wp-json\/wp\/v2\/comments?post=43"}],"version-history":[{"count":8,"href":"https:\/\/www.finken-automation.de\/en\/wp-json\/wp\/v2\/pages\/43\/revisions"}],"predecessor-version":[{"id":2451,"href":"https:\/\/www.finken-automation.de\/en\/wp-json\/wp\/v2\/pages\/43\/revisions\/2451"}],"wp:attachment":[{"href":"https:\/\/www.finken-automation.de\/en\/wp-json\/wp\/v2\/media?parent=43"}],"curies":[{"name":"wp","href":"https:\/\/api.w.org\/{rel}","templated":true}]}}