{"id":886,"date":"2019-02-10T19:51:36","date_gmt":"2019-02-10T18:51:36","guid":{"rendered":"https:\/\/www.finken-automation.de\/?page_id=886"},"modified":"2026-01-30T09:25:53","modified_gmt":"2026-01-30T08:25:53","slug":"jobs","status":"publish","type":"page","link":"https:\/\/www.finken-automation.de\/en\/jobs\/","title":{"rendered":"Jobs with good future prospects"},"content":{"rendered":"<div class=\"wp-block-cover alignfull is-light is-position-center-center\" style=\"min-height:400px;aspect-ratio:unset;\"><img loading=\"lazy\" decoding=\"async\" width=\"1920\" height=\"1080\" class=\"wp-block-cover__image-background wp-image-1549\" alt=\"\" src=\"https:\/\/www.finken-automation.de\/wp-content\/uploads\/2021\/05\/Header_Autostart.jpg\" style=\"object-position:50% 33%\" data-object-fit=\"cover\" data-object-position=\"50% 33%\" srcset=\"https:\/\/www.finken-automation.de\/wp-content\/uploads\/2021\/05\/Header_Autostart.jpg 1920w, https:\/\/www.finken-automation.de\/wp-content\/uploads\/2021\/05\/Header_Autostart-300x169.jpg 300w, https:\/\/www.finken-automation.de\/wp-content\/uploads\/2021\/05\/Header_Autostart-1024x576.jpg 1024w, https:\/\/www.finken-automation.de\/wp-content\/uploads\/2021\/05\/Header_Autostart-768x432.jpg 768w, https:\/\/www.finken-automation.de\/wp-content\/uploads\/2021\/05\/Header_Autostart-1536x864.jpg 1536w, https:\/\/www.finken-automation.de\/wp-content\/uploads\/2021\/05\/Header_Autostart-16x9.jpg 16w\" sizes=\"auto, (max-width: 1920px) 100vw, 1920px\" \/><span aria-hidden=\"true\" class=\"wp-block-cover__background has-background-dim-30 has-background-dim\"><\/span><div class=\"wp-block-cover__inner-container is-layout-flow wp-block-cover-is-layout-flow\">\n<p class=\"has-text-align-center has-text-color\" style=\"color:#fffffa;font-size:74px;line-height:1.1\"><strong>Jobs with good future prospects<\/strong><\/p>\n\n\n\n<p class=\"has-text-align-center has-white-color has-text-color\">As an innovative supplier for the electrical engineering and software of leading machine and system manufacturer<br>we work on ever new challenges every day. In a forward-looking sector,<br>we develop and implement automation solutions for next-generation industry.<\/p>\n<\/div><\/div>\n\n\n\n<div style=\"height:40px\" aria-hidden=\"true\" class=\"wp-block-spacer\"><\/div>\n\n\n\n<h2 class=\"wp-block-heading has-accent-color has-text-color has-medium-font-size\" id=\"einsteiger-und-berufserfahrene\">Experienced and young professionals<\/h2>\n\n\n\n<p>Whether you are starting your career or changing jobs, with us you will find exciting jobs with varied tasks and long-term prospects. Become a part of our specialized team and look forward to fascinating and challenging projects.<\/p>\n\n\n\n<p>We are hiring:<\/p>\n\n\n\n<ul class=\"wp-block-list\">\n<li>momentan keine Stellen zu besetzen<\/li>\n<\/ul>\n\n\n\n<h2 class=\"wp-block-heading has-accent-color has-text-color has-medium-font-size\" id=\"studierende\">Pupils and students<\/h2>\n\n\n\n<p>Gain practical experience early on. Whether for an internship, an apprenticeship, as a <a href=\"https:\/\/de.wikipedia.org\/wiki\/Werkstudent\" target=\"_blank\" rel=\"noreferrer noopener\">Werkstudent (working student)<\/a> or for a final thesis - you will work on real projects and get to know the working world.<\/p>\n\n\n\n<p>We are hiring:<\/p>\n\n\n\n<ul class=\"wp-block-list\">\n<li><a href=\"https:\/\/www.finken-automation.de\/ausbildung\">Apprenticeship: Electronics Technician for Automation Technology (m\/f\/x)<\/a> ab August 2026<\/li>\n<\/ul>\n\n\n\n<p>For a first, non-binding contact Mrs. Finken is at your disposal. Write us a <a href=\"mailto:mail@finken-automation.de\">mail<\/a> or call us +49 2166 9143 0.<\/p>\n\n\n\n<h2 class=\"wp-block-heading has-accent-color has-text-color has-medium-font-size\" id=\"online-bewerbungsformular\">Online application form<\/h2>\n\n\n\n<div class=\"wp-block-contact-form-7-contact-form-selector\">\n<div class=\"wpcf7 no-js\" id=\"wpcf7-f552-o1\" lang=\"de-DE\" dir=\"ltr\" data-wpcf7-id=\"552\">\n<div class=\"screen-reader-response\"><p role=\"status\" aria-live=\"polite\" aria-atomic=\"true\"><\/p> <ul><\/ul><\/div>\n<form action=\"\/en\/wp-json\/wp\/v2\/pages\/886#wpcf7-f552-o1\" method=\"post\" class=\"wpcf7-form init\" aria-label=\"Kontaktformular\" enctype=\"multipart\/form-data\" novalidate=\"novalidate\" data-status=\"init\" data-trp-original-action=\"\/en\/wp-json\/wp\/v2\/pages\/886#wpcf7-f552-o1\">\n<fieldset class=\"hidden-fields-container\"><input type=\"hidden\" name=\"_wpcf7\" value=\"552\" \/><input type=\"hidden\" name=\"_wpcf7_version\" value=\"6.1.5\" \/><input type=\"hidden\" name=\"_wpcf7_locale\" value=\"de_DE\" \/><input type=\"hidden\" name=\"_wpcf7_unit_tag\" value=\"wpcf7-f552-o1\" \/><input type=\"hidden\" name=\"_wpcf7_container_post\" value=\"0\" \/><input type=\"hidden\" name=\"_wpcf7_posted_data_hash\" value=\"\" \/>\n<\/fieldset>\n<p><label>Name*<\/label><br \/>\n<span class=\"wpcf7-form-control-wrap\" data-name=\"app-name\"><input size=\"40\" maxlength=\"400\" class=\"wpcf7-form-control wpcf7-text wpcf7-validates-as-required fullwidth\" aria-required=\"true\" aria-invalid=\"false\" value=\"\" type=\"text\" name=\"app-name\" \/><\/span>\n<\/p>\n<p><label>e-Mail*<\/label><br \/>\n<span class=\"wpcf7-form-control-wrap\" data-name=\"app-mail\"><input size=\"40\" maxlength=\"400\" class=\"wpcf7-form-control wpcf7-email wpcf7-validates-as-required wpcf7-text wpcf7-validates-as-email fullwidth\" aria-required=\"true\" aria-invalid=\"false\" value=\"\" type=\"email\" name=\"app-mail\" \/><\/span>\n<\/p>\n<p><label>Phone*<\/label><br \/>\n<span class=\"wpcf7-form-control-wrap\" data-name=\"app-phone\"><input size=\"40\" maxlength=\"400\" class=\"wpcf7-form-control wpcf7-tel wpcf7-validates-as-required wpcf7-text wpcf7-validates-as-tel fullwidth\" aria-required=\"true\" aria-invalid=\"false\" value=\"\" type=\"tel\" name=\"app-phone\" \/><\/span>\n<\/p>\n<p><label>Application as*<\/label><br \/>\n<span class=\"wpcf7-form-control-wrap\" data-name=\"app-jobtitle\"><select class=\"wpcf7-form-control wpcf7-select wpcf7-validates-as-required fullwidth\" aria-required=\"true\" aria-invalid=\"false\" name=\"app-jobtitle\"><option value=\"\">&#8211; Bitte ausw\u00e4hlen &#8211;<\/option><option value=\"Ausbildung Elektroniker:in f\u00fcr Automatisierungstechnik (m\/w\/d)\">Apprenticeship: Electronics Technician for Automation Technology (m\/f\/x)<\/option><option value=\"Initiativbewerbung\">Initiativbewerbung<\/option><option value=\"Abschlussarbeit\">Abschlussarbeit<\/option><option value=\"Praktikum (Sch\u00fcler:in\/Student:in)\">Praktikum (Sch\u00fcler:in\/Student:in)<\/option><\/select><\/span>\n<\/p>\n<p><label>file upload*<br \/>\n<small>Bitte laden Sie Ihren Lebenslauf und entsprechende Zeugnisse, etc. als eine einzige pdf-Datei mit maximal 10MB Dateigr\u00f6\u00dfe hoch. Nennen Sie die Datei nach M\u00f6glichkeit \"Bewerbung-Vorname-Nachname.pdf\".<\/small><\/label><br \/>\n<span class=\"wpcf7-form-control-wrap\" data-name=\"app-file\"><input size=\"40\" class=\"wpcf7-form-control wpcf7-file wpcf7-validates-as-required fullwidth\" accept=\".pdf\" aria-required=\"true\" aria-invalid=\"false\" type=\"file\" name=\"app-file\" \/><\/span>\n<\/p>\n<p><label>cover letter*<\/label><br \/>\n<span class=\"wpcf7-form-control-wrap\" data-name=\"app-text\"><textarea cols=\"40\" rows=\"10\" maxlength=\"2000\" class=\"wpcf7-form-control wpcf7-textarea wpcf7-validates-as-required fullwidth\" aria-required=\"true\" aria-invalid=\"false\" name=\"app-text\"><\/textarea><\/span>\n<\/p>\n<p><span class=\"wpcf7-form-control-wrap\" data-name=\"acceptance-privacy\"><span class=\"wpcf7-form-control wpcf7-acceptance\"><span class=\"wpcf7-list-item\"><label><input type=\"checkbox\" name=\"acceptance-privacy\" value=\"1\" aria-invalid=\"false\" \/><span class=\"wpcf7-list-item-label\">I've read the <a href=\"https:\/\/www.finken-automation.de\/datenschutz\/\" target=\"_blank\">Privacy Policy<\/a> and accept them. I agree that my data is storaged for the purpose of the processing.*<\/span><\/label><\/span><\/span><\/span>\n<\/p>\n<p><small>*required fields<\/small>\n<\/p>\n<p><input class=\"wpcf7-form-control wpcf7-submit has-spinner\" type=\"submit\" value=\"Bewerbung abschicken\" \/>\n<\/p>\n\n<!--<small>Diese Seite ist gesch\u00fctzt durch reCAPTCHA und es gelten die Google <a href=\"https:\/\/policies.google.com\/privacy\" target=\"_blank\">Datenschutzerkl\u00e4rung<\/a> und <a href=\"https:\/\/policies.google.com\/terms\" target=\"_blank\">Nutzungsbedingungen<\/a>.<\/small>--><div class=\"wpcf7-response-output\" aria-hidden=\"true\"><\/div>\n<input type=\"hidden\" name=\"trp-form-language\" value=\"en\"\/><\/form>\n<\/div>\n<\/div>\n\n\n\n<p><small>For better readability in German, only one gender form is used in the text. However, all gender forms are always meant and taken into account.<\/small><\/p>","protected":false},"excerpt":{"rendered":"<p>Einsteiger und Berufserfahrene Ob Berufseinstieg oder Jobwechsel, bei uns finden Sie spannende Jobs mit abwechslungsreichen Aufgaben und langfristiger Perspektive. Werden Sie ein Teil unseres spezialisierten Teams und freuen Sie sich auf faszinierende und anspruchsvolle Projekte. Wir stellen ein: Sch\u00fcler und Studierende Schon fr\u00fch praktische Erfahrungen sammeln. Ob f\u00fcr ein Praktikum, [&hellip;]<\/p>\n","protected":false},"author":1,"featured_media":0,"parent":0,"menu_order":0,"comment_status":"closed","ping_status":"closed","template":"page-templates\/template-fullwidth.php","meta":{"footnotes":""},"class_list":["post-886","page","type-page","status-publish","hentry"],"yoast_head":"<!-- This site is optimized with the Yoast SEO plugin v27.5 - https:\/\/yoast.com\/product\/yoast-seo-wordpress\/ -->\n<title>Jobs mit Zukunft - Finken Automation<\/title>\n<meta name=\"description\" content=\"Wir stellen ein: Elektriker, Mechatroniker, und mehr. Jetzt f\u00fcr einen Job mit Zukunft entscheiden und Karriere machen!\" \/>\n<meta name=\"robots\" content=\"index, follow, max-snippet:-1, max-image-preview:large, max-video-preview:-1\" \/>\n<link rel=\"canonical\" href=\"https:\/\/www.finken-automation.de\/en\/jobs\/\" \/>\n<meta property=\"og:locale\" content=\"en_GB\" \/>\n<meta property=\"og:type\" content=\"article\" \/>\n<meta property=\"og:title\" content=\"Jobs mit Zukunft - Finken Automation\" \/>\n<meta property=\"og:description\" content=\"Wir stellen ein: Elektriker, Mechatroniker, und mehr. Jetzt f\u00fcr einen Job mit Zukunft entscheiden und Karriere machen!\" \/>\n<meta property=\"og:url\" content=\"https:\/\/www.finken-automation.de\/en\/jobs\/\" \/>\n<meta property=\"og:site_name\" content=\"Finken Automation\" \/>\n<meta property=\"article:modified_time\" content=\"2026-01-30T08:25:53+00:00\" \/>\n<meta property=\"og:image\" content=\"https:\/\/www.finken-automation.de\/wp-content\/uploads\/2021\/05\/Header_Autostart.jpg\" \/>\n\t<meta property=\"og:image:width\" content=\"1920\" \/>\n\t<meta property=\"og:image:height\" content=\"1080\" \/>\n\t<meta property=\"og:image:type\" content=\"image\/jpeg\" \/>\n<meta name=\"twitter:card\" content=\"summary_large_image\" \/>\n<meta name=\"twitter:label1\" content=\"Estimated reading time\" \/>\n\t<meta name=\"twitter:data1\" content=\"2 minutes\" \/>\n<script type=\"application\/ld+json\" class=\"yoast-schema-graph\">{\"@context\":\"https:\\\/\\\/schema.org\",\"@graph\":[{\"@type\":\"WebPage\",\"@id\":\"https:\\\/\\\/www.finken-automation.de\\\/jobs\\\/\",\"url\":\"https:\\\/\\\/www.finken-automation.de\\\/jobs\\\/\",\"name\":\"Jobs mit Zukunft - Finken Automation\",\"isPartOf\":{\"@id\":\"https:\\\/\\\/www.finken-automation.de\\\/#website\"},\"primaryImageOfPage\":{\"@id\":\"https:\\\/\\\/www.finken-automation.de\\\/jobs\\\/#primaryimage\"},\"image\":{\"@id\":\"https:\\\/\\\/www.finken-automation.de\\\/jobs\\\/#primaryimage\"},\"thumbnailUrl\":\"https:\\\/\\\/www.finken-automation.de\\\/wp-content\\\/uploads\\\/2021\\\/05\\\/Header_Autostart.jpg\",\"datePublished\":\"2019-02-10T18:51:36+00:00\",\"dateModified\":\"2026-01-30T08:25:53+00:00\",\"description\":\"Wir stellen ein: Elektriker, Mechatroniker, und mehr. Jetzt f\u00fcr einen Job mit Zukunft entscheiden und Karriere machen!\",\"breadcrumb\":{\"@id\":\"https:\\\/\\\/www.finken-automation.de\\\/jobs\\\/#breadcrumb\"},\"inLanguage\":\"en-GB\",\"potentialAction\":[{\"@type\":\"ReadAction\",\"target\":[\"https:\\\/\\\/www.finken-automation.de\\\/jobs\\\/\"]}]},{\"@type\":\"ImageObject\",\"inLanguage\":\"en-GB\",\"@id\":\"https:\\\/\\\/www.finken-automation.de\\\/jobs\\\/#primaryimage\",\"url\":\"https:\\\/\\\/www.finken-automation.de\\\/wp-content\\\/uploads\\\/2021\\\/05\\\/Header_Autostart.jpg\",\"contentUrl\":\"https:\\\/\\\/www.finken-automation.de\\\/wp-content\\\/uploads\\\/2021\\\/05\\\/Header_Autostart.jpg\"},{\"@type\":\"BreadcrumbList\",\"@id\":\"https:\\\/\\\/www.finken-automation.de\\\/jobs\\\/#breadcrumb\",\"itemListElement\":[{\"@type\":\"ListItem\",\"position\":1,\"name\":\"Startseite\",\"item\":\"https:\\\/\\\/www.finken-automation.de\\\/\"},{\"@type\":\"ListItem\",\"position\":2,\"name\":\"Jobs mit Zukunft\"}]},{\"@type\":\"WebSite\",\"@id\":\"https:\\\/\\\/www.finken-automation.de\\\/#website\",\"url\":\"https:\\\/\\\/www.finken-automation.de\\\/\",\"name\":\"Finken Automation\",\"description\":\"Elektrotechnik, Software und Maschinensicherheit\",\"publisher\":{\"@id\":\"https:\\\/\\\/www.finken-automation.de\\\/#organization\"},\"potentialAction\":[{\"@type\":\"SearchAction\",\"target\":{\"@type\":\"EntryPoint\",\"urlTemplate\":\"https:\\\/\\\/www.finken-automation.de\\\/?s={search_term_string}\"},\"query-input\":{\"@type\":\"PropertyValueSpecification\",\"valueRequired\":true,\"valueName\":\"search_term_string\"}}],\"inLanguage\":\"en-GB\"},{\"@type\":\"Organization\",\"@id\":\"https:\\\/\\\/www.finken-automation.de\\\/#organization\",\"name\":\"Finken Automation\",\"url\":\"https:\\\/\\\/www.finken-automation.de\\\/\",\"logo\":{\"@type\":\"ImageObject\",\"inLanguage\":\"en-GB\",\"@id\":\"https:\\\/\\\/www.finken-automation.de\\\/#\\\/schema\\\/logo\\\/image\\\/\",\"url\":\"https:\\\/\\\/www.finken-automation.de\\\/wp-content\\\/uploads\\\/2018\\\/09\\\/logo_fag_2016_300px.png\",\"contentUrl\":\"https:\\\/\\\/www.finken-automation.de\\\/wp-content\\\/uploads\\\/2018\\\/09\\\/logo_fag_2016_300px.png\",\"width\":300,\"height\":66,\"caption\":\"Finken Automation\"},\"image\":{\"@id\":\"https:\\\/\\\/www.finken-automation.de\\\/#\\\/schema\\\/logo\\\/image\\\/\"}}]}<\/script>\n<!-- \/ Yoast SEO plugin. -->","yoast_head_json":{"title":"Jobs mit Zukunft - Finken Automation","description":"Wir stellen ein: Elektriker, Mechatroniker, und mehr. Jetzt f\u00fcr einen Job mit Zukunft entscheiden und Karriere machen!","robots":{"index":"index","follow":"follow","max-snippet":"max-snippet:-1","max-image-preview":"max-image-preview:large","max-video-preview":"max-video-preview:-1"},"canonical":"https:\/\/www.finken-automation.de\/en\/jobs\/","og_locale":"en_GB","og_type":"article","og_title":"Jobs mit Zukunft - Finken Automation","og_description":"Wir stellen ein: Elektriker, Mechatroniker, und mehr. Jetzt f\u00fcr einen Job mit Zukunft entscheiden und Karriere machen!","og_url":"https:\/\/www.finken-automation.de\/en\/jobs\/","og_site_name":"Finken Automation","article_modified_time":"2026-01-30T08:25:53+00:00","og_image":[{"width":1920,"height":1080,"url":"https:\/\/www.finken-automation.de\/wp-content\/uploads\/2021\/05\/Header_Autostart.jpg","type":"image\/jpeg"}],"twitter_card":"summary_large_image","twitter_misc":{"Estimated reading time":"2 minutes"},"schema":{"@context":"https:\/\/schema.org","@graph":[{"@type":"WebPage","@id":"https:\/\/www.finken-automation.de\/jobs\/","url":"https:\/\/www.finken-automation.de\/jobs\/","name":"Jobs mit Zukunft - Finken Automation","isPartOf":{"@id":"https:\/\/www.finken-automation.de\/#website"},"primaryImageOfPage":{"@id":"https:\/\/www.finken-automation.de\/jobs\/#primaryimage"},"image":{"@id":"https:\/\/www.finken-automation.de\/jobs\/#primaryimage"},"thumbnailUrl":"https:\/\/www.finken-automation.de\/wp-content\/uploads\/2021\/05\/Header_Autostart.jpg","datePublished":"2019-02-10T18:51:36+00:00","dateModified":"2026-01-30T08:25:53+00:00","description":"Wir stellen ein: Elektriker, Mechatroniker, und mehr. Jetzt f\u00fcr einen Job mit Zukunft entscheiden und Karriere machen!","breadcrumb":{"@id":"https:\/\/www.finken-automation.de\/jobs\/#breadcrumb"},"inLanguage":"en-GB","potentialAction":[{"@type":"ReadAction","target":["https:\/\/www.finken-automation.de\/jobs\/"]}]},{"@type":"ImageObject","inLanguage":"en-GB","@id":"https:\/\/www.finken-automation.de\/jobs\/#primaryimage","url":"https:\/\/www.finken-automation.de\/wp-content\/uploads\/2021\/05\/Header_Autostart.jpg","contentUrl":"https:\/\/www.finken-automation.de\/wp-content\/uploads\/2021\/05\/Header_Autostart.jpg"},{"@type":"BreadcrumbList","@id":"https:\/\/www.finken-automation.de\/jobs\/#breadcrumb","itemListElement":[{"@type":"ListItem","position":1,"name":"Startseite","item":"https:\/\/www.finken-automation.de\/"},{"@type":"ListItem","position":2,"name":"Jobs mit Zukunft"}]},{"@type":"WebSite","@id":"https:\/\/www.finken-automation.de\/#website","url":"https:\/\/www.finken-automation.de\/","name":"Finken Automation","description":"Elektrotechnik, Software und Maschinensicherheit","publisher":{"@id":"https:\/\/www.finken-automation.de\/#organization"},"potentialAction":[{"@type":"SearchAction","target":{"@type":"EntryPoint","urlTemplate":"https:\/\/www.finken-automation.de\/?s={search_term_string}"},"query-input":{"@type":"PropertyValueSpecification","valueRequired":true,"valueName":"search_term_string"}}],"inLanguage":"en-GB"},{"@type":"Organization","@id":"https:\/\/www.finken-automation.de\/#organization","name":"Finken Automation","url":"https:\/\/www.finken-automation.de\/","logo":{"@type":"ImageObject","inLanguage":"en-GB","@id":"https:\/\/www.finken-automation.de\/#\/schema\/logo\/image\/","url":"https:\/\/www.finken-automation.de\/wp-content\/uploads\/2018\/09\/logo_fag_2016_300px.png","contentUrl":"https:\/\/www.finken-automation.de\/wp-content\/uploads\/2018\/09\/logo_fag_2016_300px.png","width":300,"height":66,"caption":"Finken Automation"},"image":{"@id":"https:\/\/www.finken-automation.de\/#\/schema\/logo\/image\/"}}]}},"_links":{"self":[{"href":"https:\/\/www.finken-automation.de\/en\/wp-json\/wp\/v2\/pages\/886","targetHints":{"allow":["GET"]}}],"collection":[{"href":"https:\/\/www.finken-automation.de\/en\/wp-json\/wp\/v2\/pages"}],"about":[{"href":"https:\/\/www.finken-automation.de\/en\/wp-json\/wp\/v2\/types\/page"}],"author":[{"embeddable":true,"href":"https:\/\/www.finken-automation.de\/en\/wp-json\/wp\/v2\/users\/1"}],"replies":[{"embeddable":true,"href":"https:\/\/www.finken-automation.de\/en\/wp-json\/wp\/v2\/comments?post=886"}],"version-history":[{"count":10,"href":"https:\/\/www.finken-automation.de\/en\/wp-json\/wp\/v2\/pages\/886\/revisions"}],"predecessor-version":[{"id":2562,"href":"https:\/\/www.finken-automation.de\/en\/wp-json\/wp\/v2\/pages\/886\/revisions\/2562"}],"wp:attachment":[{"href":"https:\/\/www.finken-automation.de\/en\/wp-json\/wp\/v2\/media?parent=886"}],"curies":[{"name":"wp","href":"https:\/\/api.w.org\/{rel}","templated":true}]}}